{"id":905,"date":"2023-08-26T23:16:14","date_gmt":"2023-08-26T16:16:14","guid":{"rendered":"https:\/\/trannghiait.com\/?page_id=905"},"modified":"2024-02-18T18:06:22","modified_gmt":"2024-02-18T11:06:22","slug":"cach-go-xoa-gcafe-service-v3-0-ra-khoi-may-tinh","status":"publish","type":"page","link":"https:\/\/trannghiait.com\/index.php\/bocaigcafev4\/cach-go-xoa-gcafe-service-v3-0-ra-khoi-may-tinh\/","title":{"rendered":"C\u00e1ch g\u1ee1 x\u00f3a Gcafe Service v3.0 ra kh\u1ecfi m\u00e1y t\u00ednh"},"content":{"rendered":"\n<h3 class=\"wp-block-heading\">S\u1eed d\u1ee5ng Gcafe (IRG) \u0111\u1ec3 \u0111\u01b0\u1ee3c g\u00ec???<\/h3>\n\n\n\n<ul class=\"wp-block-list\">\n<li>&nbsp;Th\u00eam \u00f4 qu\u00e0 gcafe + vip\/vsip \u0111\u01b0\u1ee3c 2 \u00f4 qu\u00e0&nbsp;<\/li>\n\n\n\n<li>&nbsp;C\u1ed9ng th\u00eam +30% EXP c\u1ea7u th\u1ee7&nbsp;<\/li>\n\n\n\n<li>&nbsp;C\u1ed9ng th\u00eam +10% EXP HLV&nbsp;<\/li>\n\n\n\n<li>&nbsp;C\u1ed9ng th\u00eam +10% Th\u01b0\u1edfng sau tr\u1eadn&nbsp;<\/li>\n\n\n\n<li>&nbsp;Giao d\u1ecbch c\u00f3 Gcafe m\u1edf th\u00eam 1 th\u1ebb&nbsp;<\/li>\n\n\n\n<li>&nbsp;Th\u1ebb c\u1ea7u th\u1ee7 ch\u1ec9 s\u1ed1 cao b\u1ea5t k\u1ef3&nbsp;<\/li>\n\n\n\n<li>&nbsp;Qu\u00e0 \u0111\u1eb7c bi\u1ec7t c\u00f3 th\u1ec3 nh\u1eadn \u0111\u01b0\u1ee3c th\u1ebb ICON&nbsp;<\/li>\n\n\n\n<li>&nbsp;S\u1ed1 nhi\u1ec7m v\u1ee5 \u0111\u01b0\u1ee3c t\u00e0i tr\u1ee3 +2&nbsp;<\/li>\n<\/ul>\n\n\n\n<p>B\u00ean tr\u00ean l\u00e0 <strong>nh\u1eefng quy\u1ec1n l\u1ee3i<\/strong> v\u1ec1 <strong>Gcafe<\/strong> b\u1ea1n c\u00f3 th\u1ec3 <strong>li\u00ean h\u1ec7<\/strong> <em>Page <\/em><a href=\"https:\/\/www.facebook.com\/GcafeTNIT\" data-type=\"link\" data-id=\"https:\/\/www.facebook.com\/GcafeTNIT\">Gcafe Fo4<\/a> \u0111\u1ec3 \u0111\u01b0\u1ee3c <strong>h\u1ed7 tr\u1ee3 c\u00e0i<\/strong> nh\u01b0ng n\u1ebfu b\u1ea1n v\u1eabn mu\u1ed1n <strong>x\u00f3a gcafe<\/strong> th\u00ec l\u00e0m theo b\u01b0\u1edbc d\u01b0\u1edbi \u0111\u00e2y!<\/p>\n\n\n\n<p><strong>B\u01b0\u1edbc 1:<\/strong> t\u1ea3i file <strong>GarenaCIG.exe<\/strong> v\u1ec1<\/p>\n\n\n\n<p><em>Click<\/em> v\u00e0o <a href=\"https:\/\/drive.google.com\/file\/d\/1namby_MDjEb30JRTPMTgvUzCv7CBOVpt\/view?usp=sharing\" data-type=\"link\" data-id=\"https:\/\/drive.google.com\/file\/d\/1namby_MDjEb30JRTPMTgvUzCv7CBOVpt\/view?usp=sharing\">\u0111\u00e2y<\/a> t\u1ea3i v\u1ec1!<\/p>\n\n\n\n<p><strong>B\u01b0\u1edbc 2: <\/strong>Gi\u1ea3i n\u00e9n ra v\u00e0 m\u1edf <strong>GarenaCIG.exe<\/strong> b\u1eb1ng <strong>Winrar <\/strong>sau \u0111\u00f3 m\u1edf <strong>GarenaCIG.exe<\/strong> b\u1eb1ng quy\u1ec1n &#8220;<strong>Run as administrator<\/strong>&#8221; gi\u1ed1ng h\u00ecnh minh h\u1ecda b\u00ean d\u01b0\u1edbi!<\/p>\n\n\n\n<figure class=\"wp-block-image size-full is-resized\"><img fetchpriority=\"high\" decoding=\"async\" width=\"494\" height=\"414\" src=\"https:\/\/trannghiait.com\/wp-content\/uploads\/2023\/08\/image-73.png\" alt=\"\" class=\"wp-image-902\" style=\"width:841px;height:705px\" srcset=\"https:\/\/trannghiait.com\/wp-content\/uploads\/2023\/08\/image-73.png 494w, https:\/\/trannghiait.com\/wp-content\/uploads\/2023\/08\/image-73-300x251.png 300w\" sizes=\"(max-width: 494px) 100vw, 494px\" \/><\/figure>\n\n\n\n<p><strong>B\u01b0\u1edbc 3:<\/strong> \u1ede \u00f4 &#8220;<em><strong>Input your key below<\/strong><\/em>&#8221; ta nh\u1eadp full s\u1ed1 <strong><em>&#8220;1&#8221;<\/em><\/strong> nh\u00e9 r\u1ed3i b\u1ea5m n\u00fat <strong><em>Uninstall!<\/em><\/strong> l\u00e0 n\u00f3 s\u1ebd <strong>g\u1ee1 key gcafe<\/strong> ra v\u00e0 g\u1ee1 <strong>Gcafe Service v3.0<\/strong> ra kh\u1ecfi m\u00e1y t\u00ednh.<\/p>\n\n\n\n<figure class=\"wp-block-image size-full\"><img decoding=\"async\" width=\"281\" height=\"126\" src=\"https:\/\/trannghiait.com\/wp-content\/uploads\/2023\/08\/image-75.png\" alt=\"\" class=\"wp-image-904\"\/><\/figure>\n\n\n\n<p>Ti\u1ebfp \u0111\u00f3 ch\u1ec9 c\u1ea7n <strong>kh\u1edfi \u0111\u1ed9ng m\u00e1y<\/strong> l\u1ea1i l\u00e0 xong. <em>C\u1ea3m \u01a1n anh em!<\/em><\/p>\n\n\n<ul class=\"wp-block-latest-posts__list is-grid columns-4 wp-block-latest-posts\"><li><div class=\"wp-block-latest-posts__featured-image\"><img decoding=\"async\" width=\"150\" height=\"150\" src=\"https:\/\/trannghiait.com\/wp-content\/uploads\/2025\/08\/image-150x150.png\" class=\"attachment-thumbnail size-thumbnail wp-post-image\" alt=\"\" style=\"\" \/><\/div><a class=\"wp-block-latest-posts__post-title\" href=\"https:\/\/trannghiait.com\/index.php\/2025\/08\/08\/so-sanh-cac-phien-ban-chatgpt-gpt-4-gpt-4-1-gpt-4o-gpt-4-1-mini-dau-la-lua-chon-tot-nhat\/\">So S\u00e1nh C\u00e1c Phi\u00ean B\u1ea3n ChatGPT: GPT-4, GPT-4.1, GPT-4o, GPT-4.1 Mini \u2013 \u0110\u00e2u L\u00e0 L\u1ef1a Ch\u1ecdn T\u1ed1t Nh\u1ea5t?<\/a><\/li>\n<li><div class=\"wp-block-latest-posts__featured-image\"><img loading=\"lazy\" decoding=\"async\" width=\"150\" height=\"150\" src=\"https:\/\/trannghiait.com\/wp-content\/uploads\/2025\/02\/Pi-Network-binance.jpeg-150x150.webp\" class=\"attachment-thumbnail size-thumbnail wp-post-image\" alt=\"\" style=\"\" \/><\/div><a class=\"wp-block-latest-posts__post-title\" href=\"https:\/\/trannghiait.com\/index.php\/2025\/02\/22\/pi-network-co-that-su-tot-nhu-cach-moi-nguoi-hay-noi-voi-toi\/\">Pi Network: C\u00f3 th\u1eadt s\u1ef1 t\u1ed1t nh\u01b0 c\u00e1ch m\u1ecdi ng\u01b0\u1eddi hay n\u00f3i v\u1edbi t\u00f4i?<\/a><\/li>\n<li><div class=\"wp-block-latest-posts__featured-image\"><img loading=\"lazy\" decoding=\"async\" width=\"150\" height=\"150\" src=\"https:\/\/trannghiait.com\/wp-content\/uploads\/2025\/01\/images-150x150.jpg\" class=\"attachment-thumbnail size-thumbnail wp-post-image\" alt=\"\" style=\"\" \/><\/div><a class=\"wp-block-latest-posts__post-title\" href=\"https:\/\/trannghiait.com\/index.php\/2025\/01\/31\/deepseek-buoc-tien-moi-trong-cuoc-dua-tri-tue-nhan-tao-toan-cau\/\">DeepSeek: B\u01b0\u1edbc Ti\u1ebfn M\u1edbi Trong Cu\u1ed9c \u0110ua Tr\u00ed Tu\u1ec7 Nh\u00e2n T\u1ea1o To\u00e0n C\u1ea7u<\/a><\/li>\n<li><div class=\"wp-block-latest-posts__featured-image\"><img loading=\"lazy\" decoding=\"async\" width=\"150\" height=\"150\" src=\"https:\/\/trannghiait.com\/wp-content\/uploads\/2025\/01\/Capture-150x150.png\" class=\"attachment-thumbnail size-thumbnail wp-post-image\" alt=\"\" style=\"\" \/><\/div><a class=\"wp-block-latest-posts__post-title\" href=\"https:\/\/trannghiait.com\/index.php\/2025\/01\/04\/loi-no-module-named-moviepy-editor-khi-cai-dat-thu-vien-tren-python\/\">L\u1ed7i No module named &#8216;moviepy.editor&#8217; khi c\u00e0i \u0111\u1eb7t th\u01b0 vi\u1ec7n tr\u00ean Python<\/a><\/li>\n<li><div class=\"wp-block-latest-posts__featured-image\"><img loading=\"lazy\" decoding=\"async\" width=\"150\" height=\"150\" src=\"https:\/\/trannghiait.com\/wp-content\/uploads\/2025\/01\/image-150x150.png\" class=\"attachment-thumbnail size-thumbnail wp-post-image\" alt=\"\" style=\"\" \/><\/div><a class=\"wp-block-latest-posts__post-title\" href=\"https:\/\/trannghiait.com\/index.php\/2025\/01\/04\/huong-dan-chi-tiet-cach-tao-shortcut-tap-tin-tren-windows-va-loi-ich-su-dung\/\">H\u01b0\u1edbng D\u1eabn Chi Ti\u1ebft: C\u00e1ch T\u1ea1o Shortcut T\u1eadp Tin tr\u00ean Windows 10\/11 v\u00e0 L\u1ee3i \u00cdch S\u1eed D\u1ee5ng<\/a><\/li>\n<li><div class=\"wp-block-latest-posts__featured-image\"><img loading=\"lazy\" decoding=\"async\" width=\"150\" height=\"150\" src=\"https:\/\/trannghiait.com\/wp-content\/uploads\/2024\/12\/image-11-150x150.png\" class=\"attachment-thumbnail size-thumbnail wp-post-image\" alt=\"\" style=\"\" \/><\/div><a class=\"wp-block-latest-posts__post-title\" href=\"https:\/\/trannghiait.com\/index.php\/2024\/12\/26\/huong-dan-xac-thuc-so-dien-thoai-cccd-cho-tai-khoan-facebook-chi-tiet\/\">H\u01af\u1edaNG D\u1eaaN X\u00c1C TH\u1ef0C S\u1ed0 \u0110I\u1ec6N THO\u1ea0I\/CCCD CHO T\u00c0I KHO\u1ea2N FACEBOOK CHI TI\u1ebeT<\/a><\/li>\n<li><div class=\"wp-block-latest-posts__featured-image\"><img loading=\"lazy\" decoding=\"async\" width=\"150\" height=\"150\" src=\"https:\/\/trannghiait.com\/wp-content\/uploads\/2023\/08\/Microsoft_Office_Excel_2019\u2013present.svg_-150x150.png\" class=\"attachment-thumbnail size-thumbnail wp-post-image\" alt=\"\" style=\"\" \/><\/div><a class=\"wp-block-latest-posts__post-title\" href=\"https:\/\/trannghiait.com\/index.php\/2024\/12\/24\/cach-chuyen-gia-tri-co-dinh-dang-ngay-thang-nam-sang-dinh-dang-text-khong-bi-thay-doi-gia-tri\/\">C\u00e1ch chuy\u1ec3n gi\u00e1 tr\u1ecb c\u00f3 \u0111\u1ecbnh d\u1ea1ng ng\u00e0y th\u00e1ng n\u0103m sang \u0111\u1ecbnh d\u1ea1ng TEXT kh\u00f4ng b\u1ecb thay \u0111\u1ed5i gi\u00e1 tr\u1ecb<\/a><\/li>\n<li><div class=\"wp-block-latest-posts__featured-image\"><img loading=\"lazy\" decoding=\"async\" width=\"150\" height=\"150\" src=\"https:\/\/trannghiait.com\/wp-content\/uploads\/2024\/11\/hoi-150x150.jpg\" class=\"attachment-thumbnail size-thumbnail wp-post-image\" alt=\"\" style=\"\" \/><\/div><a class=\"wp-block-latest-posts__post-title\" href=\"https:\/\/trannghiait.com\/index.php\/2024\/11\/26\/nguy-co-hoi-tu-viec-nho-toc-bac\/\">Nguy c\u01a1 &#8220;H\u00f3i&#8221; t\u1eeb vi\u1ec7c nh\u1ed5 t\u00f3c b\u1ea1c<\/a><\/li>\n<\/ul>","protected":false},"excerpt":{"rendered":"<div class=\"mh-excerpt\"><p>S\u1eed d\u1ee5ng Gcafe (IRG) \u0111\u1ec3 \u0111\u01b0\u1ee3c g\u00ec??? B\u00ean tr\u00ean l\u00e0 nh\u1eefng quy\u1ec1n l\u1ee3i v\u1ec1 Gcafe b\u1ea1n c\u00f3 th\u1ec3 li\u00ean h\u1ec7 Page Gcafe Fo4 \u0111\u1ec3 \u0111\u01b0\u1ee3c <a class=\"mh-excerpt-more\" href=\"https:\/\/trannghiait.com\/index.php\/bocaigcafev4\/cach-go-xoa-gcafe-service-v3-0-ra-khoi-may-tinh\/\" title=\"C\u00e1ch g\u1ee1 x\u00f3a Gcafe Service v3.0 ra kh\u1ecfi m\u00e1y t\u00ednh\">[&#8230;]<\/a><\/p>\n<\/div>","protected":false},"author":1,"featured_media":0,"parent":21,"menu_order":1,"comment_status":"open","ping_status":"closed","template":"","meta":{"footnotes":""},"class_list":["post-905","page","type-page","status-publish","hentry"],"_links":{"self":[{"href":"https:\/\/trannghiait.com\/index.php\/wp-json\/wp\/v2\/pages\/905","targetHints":{"allow":["GET"]}}],"collection":[{"href":"https:\/\/trannghiait.com\/index.php\/wp-json\/wp\/v2\/pages"}],"about":[{"href":"https:\/\/trannghiait.com\/index.php\/wp-json\/wp\/v2\/types\/page"}],"author":[{"embeddable":true,"href":"https:\/\/trannghiait.com\/index.php\/wp-json\/wp\/v2\/users\/1"}],"replies":[{"embeddable":true,"href":"https:\/\/trannghiait.com\/index.php\/wp-json\/wp\/v2\/comments?post=905"}],"version-history":[{"count":2,"href":"https:\/\/trannghiait.com\/index.php\/wp-json\/wp\/v2\/pages\/905\/revisions"}],"predecessor-version":[{"id":1985,"href":"https:\/\/trannghiait.com\/index.php\/wp-json\/wp\/v2\/pages\/905\/revisions\/1985"}],"up":[{"embeddable":true,"href":"https:\/\/trannghiait.com\/index.php\/wp-json\/wp\/v2\/pages\/21"}],"wp:attachment":[{"href":"https:\/\/trannghiait.com\/index.php\/wp-json\/wp\/v2\/media?parent=905"}],"curies":[{"name":"wp","href":"https:\/\/api.w.org\/{rel}","templated":true}]}}