{"id":794,"date":"2023-08-25T21:54:00","date_gmt":"2023-08-25T14:54:00","guid":{"rendered":"https:\/\/trannghiait.com\/?page_id=794"},"modified":"2024-02-18T18:06:55","modified_gmt":"2024-02-18T11:06:55","slug":"loi-bi-defender-xoa-nham-file","status":"publish","type":"page","link":"https:\/\/trannghiait.com\/index.php\/bocaigcafev4\/loi-bi-defender-xoa-nham-file\/","title":{"rendered":"L\u1ed7i b\u1ecb defender x\u00f3a nh\u1ea7m file"},"content":{"rendered":"\n<p>N\u1ebfu m\u1ed9t bu\u1ed5i s\u00e1ng \u0111\u1eb9p tr\u1eddi m\u1edf m\u00e1y l\u00ean m\u00e0 kh\u00f4ng th\u1ea5y file \u1edf \u0111\u00e2u th\u00ec ae xem h\u01b0\u1edbng d\u1eabn n\u00e0y nh\u00e9!<\/p>\n\n\n\n<figure class=\"wp-block-image size-full\"><img fetchpriority=\"high\" decoding=\"async\" width=\"1022\" height=\"440\" src=\"https:\/\/trannghiait.com\/wp-content\/uploads\/2023\/08\/image-66.png\" alt=\"\" class=\"wp-image-796\" srcset=\"https:\/\/trannghiait.com\/wp-content\/uploads\/2023\/08\/image-66.png 1022w, https:\/\/trannghiait.com\/wp-content\/uploads\/2023\/08\/image-66-300x129.png 300w, https:\/\/trannghiait.com\/wp-content\/uploads\/2023\/08\/image-66-768x331.png 768w\" sizes=\"(max-width: 1022px) 100vw, 1022px\" \/><\/figure>\n\n\n\n<p><strong>B\u01b0\u1edbc 1<\/strong>: G\u00f5 defender l\u00ean \u00f4 t\u00ecm ki\u1ebfm c\u1ee7a window<\/p>\n\n\n\n<figure class=\"wp-block-image size-full\"><img decoding=\"async\" width=\"638\" height=\"605\" src=\"https:\/\/trannghiait.com\/wp-content\/uploads\/2023\/08\/image-67.png\" alt=\"\" class=\"wp-image-797\" srcset=\"https:\/\/trannghiait.com\/wp-content\/uploads\/2023\/08\/image-67.png 638w, https:\/\/trannghiait.com\/wp-content\/uploads\/2023\/08\/image-67-300x284.png 300w\" sizes=\"(max-width: 638px) 100vw, 638px\" \/><\/figure>\n\n\n\n<p>B\u01b0\u1edbc 2: click m\u1edf <strong>Windows Security<\/strong>, r\u1ed3i ti\u1ebfp t\u1ee5c click v\u00e0o Virus &amp; threat protection.<\/p>\n\n\n\n<figure class=\"wp-block-image size-full\"><img decoding=\"async\" width=\"736\" height=\"578\" src=\"https:\/\/trannghiait.com\/wp-content\/uploads\/2023\/08\/image-68.png\" alt=\"\" class=\"wp-image-798\" srcset=\"https:\/\/trannghiait.com\/wp-content\/uploads\/2023\/08\/image-68.png 736w, https:\/\/trannghiait.com\/wp-content\/uploads\/2023\/08\/image-68-300x236.png 300w\" sizes=\"(max-width: 736px) 100vw, 736px\" \/><\/figure>\n\n\n\n<p>B\u01b0\u1edbc 3: T\u1ea1i giao di\u1ec7n n\u00e0y ti\u1ebfp t\u1ee5c click v\u00e0o Protection history, <\/p>\n\n\n\n<figure class=\"wp-block-image size-full\"><img loading=\"lazy\" decoding=\"async\" width=\"725\" height=\"603\" src=\"https:\/\/trannghiait.com\/wp-content\/uploads\/2023\/08\/image-69.png\" alt=\"\" class=\"wp-image-799\" srcset=\"https:\/\/trannghiait.com\/wp-content\/uploads\/2023\/08\/image-69.png 725w, https:\/\/trannghiait.com\/wp-content\/uploads\/2023\/08\/image-69-300x250.png 300w\" sizes=\"(max-width: 725px) 100vw, 725px\" \/><\/figure>\n\n\n\n<figure class=\"wp-block-image size-large\"><img loading=\"lazy\" decoding=\"async\" width=\"1024\" height=\"736\" src=\"https:\/\/trannghiait.com\/wp-content\/uploads\/2023\/08\/image-70-1024x736.png\" alt=\"\" class=\"wp-image-800\" srcset=\"https:\/\/trannghiait.com\/wp-content\/uploads\/2023\/08\/image-70-1024x736.png 1024w, https:\/\/trannghiait.com\/wp-content\/uploads\/2023\/08\/image-70-300x216.png 300w, https:\/\/trannghiait.com\/wp-content\/uploads\/2023\/08\/image-70-768x552.png 768w, https:\/\/trannghiait.com\/wp-content\/uploads\/2023\/08\/image-70.png 1068w\" sizes=\"(max-width: 1024px) 100vw, 1024px\" \/><\/figure>\n\n\n\n<p>B\u01b0\u1edbc 4: T\u1ea1i ph\u1ea7n giao di\u1ec7n Protection history ta click v\u00e0o nh\u1eefng Threat Blocked v\u00e0 nh\u1eefng Threat quanrantined sau \u0111\u00f3 ch\u1ecdn Action v\u00e0 ch\u1ecdn ti\u1ebfp Restore \u0111\u1ec3 kh\u00f4i ph\u1ee5c l\u1ea1i c\u00e1c file b\u1ecb x\u00f3a nh\u1ea7m. L\u1ea7n l\u01b0\u1ee3t click t\u1ea5t c\u1ea3 \u0111\u1ec3 kh\u00f4i ph\u1ee5c l\u1ea1i \u0111\u1ea7y \u0111\u1ee7 file b\u1ecb x\u00f3a.<\/p>\n\n\n\n<figure class=\"wp-block-image size-large is-resized\"><img loading=\"lazy\" decoding=\"async\" width=\"1024\" height=\"929\" src=\"https:\/\/trannghiait.com\/wp-content\/uploads\/2023\/08\/image-71-1024x929.png\" alt=\"\" class=\"wp-image-801\" style=\"width:991px;height:899px\" srcset=\"https:\/\/trannghiait.com\/wp-content\/uploads\/2023\/08\/image-71-1024x929.png 1024w, https:\/\/trannghiait.com\/wp-content\/uploads\/2023\/08\/image-71-300x272.png 300w, https:\/\/trannghiait.com\/wp-content\/uploads\/2023\/08\/image-71-768x697.png 768w, https:\/\/trannghiait.com\/wp-content\/uploads\/2023\/08\/image-71.png 1056w\" sizes=\"(max-width: 1024px) 100vw, 1024px\" \/><\/figure>\n\n\n\n<figure class=\"wp-block-image size-full\"><img loading=\"lazy\" decoding=\"async\" width=\"888\" height=\"836\" src=\"https:\/\/trannghiait.com\/wp-content\/uploads\/2023\/08\/image-72.png\" alt=\"\" class=\"wp-image-802\" srcset=\"https:\/\/trannghiait.com\/wp-content\/uploads\/2023\/08\/image-72.png 888w, https:\/\/trannghiait.com\/wp-content\/uploads\/2023\/08\/image-72-300x282.png 300w, https:\/\/trannghiait.com\/wp-content\/uploads\/2023\/08\/image-72-768x723.png 768w\" sizes=\"(max-width: 888px) 100vw, 888px\" \/><\/figure>\n\n\n\n<p>C\u1ea3m \u01a1n ae ch\u00fac ae ch\u01a1i game vui v\u1ebb!<\/p>\n\n\n<ul class=\"wp-block-latest-posts__list is-grid columns-4 wp-block-latest-posts\"><li><div class=\"wp-block-latest-posts__featured-image\"><img loading=\"lazy\" decoding=\"async\" width=\"150\" height=\"150\" src=\"https:\/\/trannghiait.com\/wp-content\/uploads\/2025\/08\/image-150x150.png\" class=\"attachment-thumbnail size-thumbnail wp-post-image\" alt=\"\" style=\"\" \/><\/div><a class=\"wp-block-latest-posts__post-title\" href=\"https:\/\/trannghiait.com\/index.php\/2025\/08\/08\/so-sanh-cac-phien-ban-chatgpt-gpt-4-gpt-4-1-gpt-4o-gpt-4-1-mini-dau-la-lua-chon-tot-nhat\/\">So S\u00e1nh C\u00e1c Phi\u00ean B\u1ea3n ChatGPT: GPT-4, GPT-4.1, GPT-4o, GPT-4.1 Mini \u2013 \u0110\u00e2u L\u00e0 L\u1ef1a Ch\u1ecdn T\u1ed1t Nh\u1ea5t?<\/a><\/li>\n<li><div class=\"wp-block-latest-posts__featured-image\"><img loading=\"lazy\" decoding=\"async\" width=\"150\" height=\"150\" src=\"https:\/\/trannghiait.com\/wp-content\/uploads\/2025\/02\/Pi-Network-binance.jpeg-150x150.webp\" class=\"attachment-thumbnail size-thumbnail wp-post-image\" alt=\"\" style=\"\" \/><\/div><a class=\"wp-block-latest-posts__post-title\" href=\"https:\/\/trannghiait.com\/index.php\/2025\/02\/22\/pi-network-co-that-su-tot-nhu-cach-moi-nguoi-hay-noi-voi-toi\/\">Pi Network: C\u00f3 th\u1eadt s\u1ef1 t\u1ed1t nh\u01b0 c\u00e1ch m\u1ecdi ng\u01b0\u1eddi hay n\u00f3i v\u1edbi t\u00f4i?<\/a><\/li>\n<li><div class=\"wp-block-latest-posts__featured-image\"><img loading=\"lazy\" decoding=\"async\" width=\"150\" height=\"150\" src=\"https:\/\/trannghiait.com\/wp-content\/uploads\/2025\/01\/images-150x150.jpg\" class=\"attachment-thumbnail size-thumbnail wp-post-image\" alt=\"\" style=\"\" \/><\/div><a class=\"wp-block-latest-posts__post-title\" href=\"https:\/\/trannghiait.com\/index.php\/2025\/01\/31\/deepseek-buoc-tien-moi-trong-cuoc-dua-tri-tue-nhan-tao-toan-cau\/\">DeepSeek: B\u01b0\u1edbc Ti\u1ebfn M\u1edbi Trong Cu\u1ed9c \u0110ua Tr\u00ed Tu\u1ec7 Nh\u00e2n T\u1ea1o To\u00e0n C\u1ea7u<\/a><\/li>\n<li><div class=\"wp-block-latest-posts__featured-image\"><img loading=\"lazy\" decoding=\"async\" width=\"150\" height=\"150\" src=\"https:\/\/trannghiait.com\/wp-content\/uploads\/2025\/01\/Capture-150x150.png\" class=\"attachment-thumbnail size-thumbnail wp-post-image\" alt=\"\" style=\"\" \/><\/div><a class=\"wp-block-latest-posts__post-title\" href=\"https:\/\/trannghiait.com\/index.php\/2025\/01\/04\/loi-no-module-named-moviepy-editor-khi-cai-dat-thu-vien-tren-python\/\">L\u1ed7i No module named &#8216;moviepy.editor&#8217; khi c\u00e0i \u0111\u1eb7t th\u01b0 vi\u1ec7n tr\u00ean Python<\/a><\/li>\n<li><div class=\"wp-block-latest-posts__featured-image\"><img loading=\"lazy\" decoding=\"async\" width=\"150\" height=\"150\" src=\"https:\/\/trannghiait.com\/wp-content\/uploads\/2025\/01\/image-150x150.png\" class=\"attachment-thumbnail size-thumbnail wp-post-image\" alt=\"\" style=\"\" \/><\/div><a class=\"wp-block-latest-posts__post-title\" href=\"https:\/\/trannghiait.com\/index.php\/2025\/01\/04\/huong-dan-chi-tiet-cach-tao-shortcut-tap-tin-tren-windows-va-loi-ich-su-dung\/\">H\u01b0\u1edbng D\u1eabn Chi Ti\u1ebft: C\u00e1ch T\u1ea1o Shortcut T\u1eadp Tin tr\u00ean Windows 10\/11 v\u00e0 L\u1ee3i \u00cdch S\u1eed D\u1ee5ng<\/a><\/li>\n<li><div class=\"wp-block-latest-posts__featured-image\"><img loading=\"lazy\" decoding=\"async\" width=\"150\" height=\"150\" src=\"https:\/\/trannghiait.com\/wp-content\/uploads\/2024\/12\/image-11-150x150.png\" class=\"attachment-thumbnail size-thumbnail wp-post-image\" alt=\"\" style=\"\" \/><\/div><a class=\"wp-block-latest-posts__post-title\" href=\"https:\/\/trannghiait.com\/index.php\/2024\/12\/26\/huong-dan-xac-thuc-so-dien-thoai-cccd-cho-tai-khoan-facebook-chi-tiet\/\">H\u01af\u1edaNG D\u1eaaN X\u00c1C TH\u1ef0C S\u1ed0 \u0110I\u1ec6N THO\u1ea0I\/CCCD CHO T\u00c0I KHO\u1ea2N FACEBOOK CHI TI\u1ebeT<\/a><\/li>\n<li><div class=\"wp-block-latest-posts__featured-image\"><img loading=\"lazy\" decoding=\"async\" width=\"150\" height=\"150\" src=\"https:\/\/trannghiait.com\/wp-content\/uploads\/2023\/08\/Microsoft_Office_Excel_2019\u2013present.svg_-150x150.png\" class=\"attachment-thumbnail size-thumbnail wp-post-image\" alt=\"\" style=\"\" \/><\/div><a class=\"wp-block-latest-posts__post-title\" href=\"https:\/\/trannghiait.com\/index.php\/2024\/12\/24\/cach-chuyen-gia-tri-co-dinh-dang-ngay-thang-nam-sang-dinh-dang-text-khong-bi-thay-doi-gia-tri\/\">C\u00e1ch chuy\u1ec3n gi\u00e1 tr\u1ecb c\u00f3 \u0111\u1ecbnh d\u1ea1ng ng\u00e0y th\u00e1ng n\u0103m sang \u0111\u1ecbnh d\u1ea1ng TEXT kh\u00f4ng b\u1ecb thay \u0111\u1ed5i gi\u00e1 tr\u1ecb<\/a><\/li>\n<li><div class=\"wp-block-latest-posts__featured-image\"><img loading=\"lazy\" decoding=\"async\" width=\"150\" height=\"150\" src=\"https:\/\/trannghiait.com\/wp-content\/uploads\/2024\/11\/hoi-150x150.jpg\" class=\"attachment-thumbnail size-thumbnail wp-post-image\" alt=\"\" style=\"\" \/><\/div><a class=\"wp-block-latest-posts__post-title\" href=\"https:\/\/trannghiait.com\/index.php\/2024\/11\/26\/nguy-co-hoi-tu-viec-nho-toc-bac\/\">Nguy c\u01a1 &#8220;H\u00f3i&#8221; t\u1eeb vi\u1ec7c nh\u1ed5 t\u00f3c b\u1ea1c<\/a><\/li>\n<\/ul>","protected":false},"excerpt":{"rendered":"<div class=\"mh-excerpt\"><p>N\u1ebfu m\u1ed9t bu\u1ed5i s\u00e1ng \u0111\u1eb9p tr\u1eddi m\u1edf m\u00e1y l\u00ean m\u00e0 kh\u00f4ng th\u1ea5y file \u1edf \u0111\u00e2u th\u00ec ae xem h\u01b0\u1edbng d\u1eabn n\u00e0y nh\u00e9! B\u01b0\u1edbc 1: G\u00f5 <a class=\"mh-excerpt-more\" href=\"https:\/\/trannghiait.com\/index.php\/bocaigcafev4\/loi-bi-defender-xoa-nham-file\/\" title=\"L\u1ed7i b\u1ecb defender x\u00f3a nh\u1ea7m file\">[&#8230;]<\/a><\/p>\n<\/div>","protected":false},"author":1,"featured_media":0,"parent":21,"menu_order":1,"comment_status":"open","ping_status":"closed","template":"","meta":{"footnotes":""},"class_list":["post-794","page","type-page","status-publish","hentry"],"_links":{"self":[{"href":"https:\/\/trannghiait.com\/index.php\/wp-json\/wp\/v2\/pages\/794","targetHints":{"allow":["GET"]}}],"collection":[{"href":"https:\/\/trannghiait.com\/index.php\/wp-json\/wp\/v2\/pages"}],"about":[{"href":"https:\/\/trannghiait.com\/index.php\/wp-json\/wp\/v2\/types\/page"}],"author":[{"embeddable":true,"href":"https:\/\/trannghiait.com\/index.php\/wp-json\/wp\/v2\/users\/1"}],"replies":[{"embeddable":true,"href":"https:\/\/trannghiait.com\/index.php\/wp-json\/wp\/v2\/comments?post=794"}],"version-history":[{"count":2,"href":"https:\/\/trannghiait.com\/index.php\/wp-json\/wp\/v2\/pages\/794\/revisions"}],"predecessor-version":[{"id":1990,"href":"https:\/\/trannghiait.com\/index.php\/wp-json\/wp\/v2\/pages\/794\/revisions\/1990"}],"up":[{"embeddable":true,"href":"https:\/\/trannghiait.com\/index.php\/wp-json\/wp\/v2\/pages\/21"}],"wp:attachment":[{"href":"https:\/\/trannghiait.com\/index.php\/wp-json\/wp\/v2\/media?parent=794"}],"curies":[{"name":"wp","href":"https:\/\/api.w.org\/{rel}","templated":true}]}}