{"id":579,"date":"2023-06-10T14:03:03","date_gmt":"2023-06-10T07:03:03","guid":{"rendered":"https:\/\/trannghiait.com\/?page_id=579"},"modified":"2024-02-18T18:06:31","modified_gmt":"2024-02-18T11:06:31","slug":"huong-dan-sua-loi-begin-registration-bat-dau-dang-ky-cho-game-fifa-online-4","status":"publish","type":"page","link":"https:\/\/trannghiait.com\/index.php\/bocaigcafev4\/huong-dan-sua-loi-begin-registration-bat-dau-dang-ky-cho-game-fifa-online-4\/","title":{"rendered":"H\u01b0\u1edbng d\u1eabn s\u1eeda l\u1ed7i Begin registration\/B\u1eaft \u0111\u1ea7u \u0111\u0103ng k\u00fd GCAFE IRG cho game Fifa Online 4 m\u1edbi nh\u1ea5t 2023"},"content":{"rendered":"\n<p>\u0110\u1ea7u ti\u00ean ch\u1ea1y fixbegin \u1ed5n \u0111\u1ecbnh th\u00ec anh em ph\u1ea3i \u0111\u0103ng nh\u1eadp Gcafex.exe xem m\u1ee5c t\u1ed1c \u0111\u1ed9 ch\u1ea1y gcafe c\u00f3 ph\u1ea3i l\u00e0 &#8220;Slow&#8221; hay kh\u00f4ng, n\u1ebfu kh\u00f4ng th\u00ec click v\u00e0o th\u00e0nh &#8220;Slow&#8221; r\u1ed3i b\u1ea5m &#8220;S\u1eed d\u1ee5ng&#8221; r\u1ed3i b\u1ea5m &#8220;K\u00edch ho\u1ea1t&#8221; 1 l\u1ea7n \u0111\u1ec3 chuy\u1ec3n sang &#8220;Slow&#8221;. Sau \u0111\u00f3 b\u1ea5m tho\u00e1t GcafeX.exe. Ch\u1ec9 c\u1ea7n l\u00e0m 1 l\u1ea7n duy nh\u1ea5t th\u00f4i, l\u1ea7n sau d\u00f9ng th\u00ec ch\u1ec9 vi\u1ec7c d\u00f9ng t\u1eeb b\u01b0\u1edbc 1.<\/p>\n\n\n<div class=\"wp-block-image\">\n<figure class=\"alignleft size-full is-resized\"><img fetchpriority=\"high\" decoding=\"async\" width=\"336\" height=\"278\" src=\"https:\/\/trannghiait.com\/wp-content\/uploads\/2023\/06\/image.png\" alt=\"\" class=\"wp-image-580\" style=\"width:221px;height:182px\" srcset=\"https:\/\/trannghiait.com\/wp-content\/uploads\/2023\/06\/image.png 336w, https:\/\/trannghiait.com\/wp-content\/uploads\/2023\/06\/image-300x248.png 300w\" sizes=\"(max-width: 336px) 100vw, 336px\" \/><figcaption class=\"wp-element-caption\">B\u1ea5m n\u00fat s\u1eed d\u1ee5ng<\/figcaption><\/figure><\/div>\n\n<div class=\"wp-block-image\">\n<figure class=\"alignleft size-full is-resized\"><img decoding=\"async\" width=\"418\" height=\"208\" src=\"https:\/\/trannghiait.com\/wp-content\/uploads\/2023\/06\/image-5.png\" alt=\"\" class=\"wp-image-585\" style=\"width:285px;height:142px\" srcset=\"https:\/\/trannghiait.com\/wp-content\/uploads\/2023\/06\/image-5.png 418w, https:\/\/trannghiait.com\/wp-content\/uploads\/2023\/06\/image-5-300x149.png 300w\" sizes=\"(max-width: 418px) 100vw, 418px\" \/><figcaption class=\"wp-element-caption\">B\u1ea5m n\u00fat OK<\/figcaption><\/figure><\/div>\n\n\n<figure class=\"wp-block-image size-full is-resized\"><img decoding=\"async\" width=\"321\" height=\"208\" src=\"https:\/\/trannghiait.com\/wp-content\/uploads\/2023\/06\/image-7.png\" alt=\"\" class=\"wp-image-587\" style=\"width:230px;height:149px\" srcset=\"https:\/\/trannghiait.com\/wp-content\/uploads\/2023\/06\/image-7.png 321w, https:\/\/trannghiait.com\/wp-content\/uploads\/2023\/06\/image-7-300x194.png 300w\" sizes=\"(max-width: 321px) 100vw, 321px\" \/><figcaption class=\"wp-element-caption\">B\u1ea5m n\u00fat K\u00edch ho\u1ea1t<\/figcaption><\/figure>\n\n\n\n<p><\/p>\n\n\n\n<blockquote class=\"wp-block-quote is-layout-flow wp-block-quote-is-layout-flow\">\n<p><em>B\u01b0\u1edbc 1: Click chu\u1ed9t ch\u1ea1y file fixbegin.exe trong B\u1ed9 C\u00e0i V4. N\u00f3 s\u1ebd t\u1ef1 ch\u1ea1y<\/em><\/p>\n<\/blockquote>\n\n\n\n<figure class=\"wp-block-image size-full\"><img loading=\"lazy\" decoding=\"async\" width=\"712\" height=\"301\" src=\"https:\/\/trannghiait.com\/wp-content\/uploads\/2023\/06\/image-1.png\" alt=\"\" class=\"wp-image-581\" srcset=\"https:\/\/trannghiait.com\/wp-content\/uploads\/2023\/06\/image-1.png 712w, https:\/\/trannghiait.com\/wp-content\/uploads\/2023\/06\/image-1-300x127.png 300w\" sizes=\"(max-width: 712px) 100vw, 712px\" \/><figcaption class=\"wp-element-caption\"><em>Ch\u1ea1y fixbegin.exe&#8230;<\/em><\/figcaption><\/figure>\n\n\n\n<figure class=\"wp-block-image size-full is-resized\"><img loading=\"lazy\" decoding=\"async\" width=\"490\" height=\"77\" src=\"https:\/\/trannghiait.com\/wp-content\/uploads\/2023\/06\/image-2.png\" alt=\"\" class=\"wp-image-582\" style=\"width:599px;height:94px\" srcset=\"https:\/\/trannghiait.com\/wp-content\/uploads\/2023\/06\/image-2.png 490w, https:\/\/trannghiait.com\/wp-content\/uploads\/2023\/06\/image-2-300x47.png 300w\" sizes=\"(max-width: 490px) 100vw, 490px\" \/><\/figure>\n\n\n\n<figure class=\"wp-block-image size-full\"><img loading=\"lazy\" decoding=\"async\" width=\"603\" height=\"71\" src=\"https:\/\/trannghiait.com\/wp-content\/uploads\/2023\/06\/image-3.png\" alt=\"\" class=\"wp-image-583\" srcset=\"https:\/\/trannghiait.com\/wp-content\/uploads\/2023\/06\/image-3.png 603w, https:\/\/trannghiait.com\/wp-content\/uploads\/2023\/06\/image-3-300x35.png 300w\" sizes=\"(max-width: 603px) 100vw, 603px\" \/><\/figure>\n\n\n\n<figure class=\"wp-block-image size-full is-resized\"><img loading=\"lazy\" decoding=\"async\" width=\"516\" height=\"61\" src=\"https:\/\/trannghiait.com\/wp-content\/uploads\/2023\/06\/image-4.png\" alt=\"\" class=\"wp-image-584\" style=\"width:608px;height:72px\" srcset=\"https:\/\/trannghiait.com\/wp-content\/uploads\/2023\/06\/image-4.png 516w, https:\/\/trannghiait.com\/wp-content\/uploads\/2023\/06\/image-4-300x35.png 300w\" sizes=\"(max-width: 516px) 100vw, 516px\" \/><figcaption class=\"wp-element-caption\"><em>B\u01b0\u1edbc 2: \u0110\u1ee3i th\u1eddi gian <strong>ch\u1ea1y h\u1ebft<\/strong> v\u00e0 <strong>thanh th\u00f4ng b\u00e1o bi\u1ebfn m\u1ea5t<\/strong> th\u00ec \u0111\u0103ng nh\u1eadp <strong>Garena <\/strong>v\u00e0o <strong>game<\/strong><\/em><\/figcaption><\/figure>\n\n\n\n<p class=\"has-text-align-left\"><em>L\u01b0u \u00fd: n\u1ebfu v\u00e0o game s\u1edbm qu\u00e1 th\u00ec s\u1ebd hi\u1ec7n th\u00f4ng b\u00e1o l\u1ed7i c\u1ee7a fifa online 4. Kh\u00f4ng sao c\u1ea3 ch\u1ec9 vi\u1ec7c t\u1eaft game v\u00e0 m\u1edf l\u1ea1i.<\/em><\/p>\n\n\n\n<figure class=\"wp-block-embed is-type-video is-provider-youtube wp-block-embed-youtube wp-embed-aspect-16-9 wp-has-aspect-ratio\"><div class=\"wp-block-embed__wrapper\">\n<iframe title=\"H\u01b0\u1edbng d\u1eabn s\u1eeda l\u1ed7i Begin registration\/B\u1eaft \u0111\u1ea7u \u0111\u0103ng k\u00fd GCAFE IRG cho game Fifa Online 4 m\u1edbi nh\u1ea5t 2023\" width=\"500\" height=\"281\" src=\"https:\/\/www.youtube.com\/embed\/S0w5lVywOxE?feature=oembed\" frameborder=\"0\" allow=\"accelerometer; autoplay; clipboard-write; encrypted-media; gyroscope; picture-in-picture; web-share\" referrerpolicy=\"strict-origin-when-cross-origin\" allowfullscreen><\/iframe>\n<\/div><figcaption class=\"wp-element-caption\"><em>Clip cho ai l\u00e0m kh\u00f4ng \u0111\u01b0\u1ee3c th\u00ec xem nh\u00e9<\/em><\/figcaption><\/figure>\n\n\n\n<div class=\"wp-block-comments\"><div id=\"ez-toc-container\" class=\"ez-toc-v2_0_64 counter-hierarchy ez-toc-counter ez-toc-light-blue ez-toc-container-direction\">\n<div class=\"ez-toc-title-container\">\n<p class=\"ez-toc-title \" >M\u1ee5c l\u1ee5c<\/p>\n<span class=\"ez-toc-title-toggle\"><a href=\"#\" class=\"ez-toc-pull-right ez-toc-btn ez-toc-btn-xs ez-toc-btn-default ez-toc-toggle\" aria-label=\"Toggle Table of Content\"><span class=\"ez-toc-js-icon-con\"><span class=\"\"><span class=\"eztoc-hide\" style=\"display:none;\">Toggle<\/span><span class=\"ez-toc-icon-toggle-span\"><svg style=\"fill: #999;color:#999\" xmlns=\"http:\/\/www.w3.org\/2000\/svg\" class=\"list-377408\" width=\"20px\" height=\"20px\" viewBox=\"0 0 24 24\" fill=\"none\"><path d=\"M6 6H4v2h2V6zm14 0H8v2h12V6zM4 11h2v2H4v-2zm16 0H8v2h12v-2zM4 16h2v2H4v-2zm16 0H8v2h12v-2z\" fill=\"currentColor\"><\/path><\/svg><svg style=\"fill: #999;color:#999\" class=\"arrow-unsorted-368013\" xmlns=\"http:\/\/www.w3.org\/2000\/svg\" width=\"10px\" height=\"10px\" viewBox=\"0 0 24 24\" version=\"1.2\" baseProfile=\"tiny\"><path d=\"M18.2 9.3l-6.2-6.3-6.2 6.3c-.2.2-.3.4-.3.7s.1.5.3.7c.2.2.4.3.7.3h11c.3 0 .5-.1.7-.3.2-.2.3-.5.3-.7s-.1-.5-.3-.7zM5.8 14.7l6.2 6.3 6.2-6.3c.2-.2.3-.5.3-.7s-.1-.5-.3-.7c-.2-.2-.4-.3-.7-.3h-11c-.3 0-.5.1-.7.3-.2.2-.3.5-.3.7s.1.5.3.7z\"\/><\/svg><\/span><\/span><\/span><\/a><\/span><\/div>\n<nav><ul class='ez-toc-list ez-toc-list-level-1 ' ><li class='ez-toc-page-1 ez-toc-heading-level-2'><a class=\"ez-toc-link ez-toc-heading-1\" href=\"https:\/\/trannghiait.com\/index.php\/bocaigcafev4\/huong-dan-sua-loi-begin-registration-bat-dau-dang-ky-cho-game-fifa-online-4\/#2_binh_luan_cho_%E2%80%9CHuong_dan_sua_loi_Begin_registrationBat_dau_dang_ky_GCAFE_IRG_cho_game_Fifa_Online_4_moi_nhat_2023%E2%80%9D\" title=\" 2 b\u00ecnh lu\u1eadn cho &#8220;H\u01b0\u1edbng d\u1eabn s\u1eeda l\u1ed7i Begin registration\/B\u1eaft \u0111\u1ea7u \u0111\u0103ng k\u00fd GCAFE IRG cho game Fifa Online 4 m\u1edbi nh\u1ea5t 2023&#8221;\"> 2 b\u00ecnh lu\u1eadn cho &#8220;H\u01b0\u1edbng d\u1eabn s\u1eeda l\u1ed7i Begin registration\/B\u1eaft \u0111\u1ea7u \u0111\u0103ng k\u00fd GCAFE IRG cho game Fifa Online 4 m\u1edbi nh\u1ea5t 2023&#8221;<\/a><ul class='ez-toc-list-level-3' ><li class='ez-toc-heading-level-3'><a class=\"ez-toc-link ez-toc-heading-2\" href=\"https:\/\/trannghiait.com\/index.php\/bocaigcafev4\/huong-dan-sua-loi-begin-registration-bat-dau-dang-ky-cho-game-fifa-online-4\/#De_lai_mot_binh_luan_Huy\" title=\"\u0110\u1ec3 l\u1ea1i m\u1ed9t b\u00ecnh lu\u1eadn H\u1ee7y\">\u0110\u1ec3 l\u1ea1i m\u1ed9t b\u00ecnh lu\u1eadn H\u1ee7y<\/a><\/li><\/ul><\/li><\/ul><\/nav><\/div>\n<h2 id=\"comments\" class=\"wp-block-comments-title\"><span class=\"ez-toc-section\" id=\"2_binh_luan_cho_%E2%80%9CHuong_dan_sua_loi_Begin_registrationBat_dau_dang_ky_GCAFE_IRG_cho_game_Fifa_Online_4_moi_nhat_2023%E2%80%9D\"><\/span> 2 b\u00ecnh lu\u1eadn cho &#8220;H\u01b0\u1edbng d\u1eabn s\u1eeda l\u1ed7i Begin registration\/B\u1eaft \u0111\u1ea7u \u0111\u0103ng k\u00fd GCAFE IRG cho game Fifa Online 4 m\u1edbi nh\u1ea5t 2023&#8221;<span class=\"ez-toc-section-end\"><\/span><\/h2>\n\n<ol class=\"wp-block-comment-template\"><li id=\"comment-121\" class=\"comment even thread-even depth-1\">\n\n<div class=\"wp-block-columns is-layout-flex wp-container-core-columns-is-layout-9d6595d7 wp-block-columns-is-layout-flex\">\n<div class=\"wp-block-column is-layout-flow wp-block-column-is-layout-flow\" style=\"flex-basis:40px\"><div class=\"wp-block-avatar\"><img alt='\u1ea2nh \u0111\u1ea1i di\u1ec7n Sylvie Elliott' src='https:\/\/secure.gravatar.com\/avatar\/e33a9fe513cbc02edc808e5f8bd826d58d1d4c29cc112ef386c593843441de23?s=40&#038;d=mm&#038;r=g' srcset='https:\/\/secure.gravatar.com\/avatar\/e33a9fe513cbc02edc808e5f8bd826d58d1d4c29cc112ef386c593843441de23?s=80&#038;d=mm&#038;r=g 2x' class='avatar avatar-40 photo wp-block-avatar__image' height='40' width='40'  style=\"border-radius:20px;\"\/><\/div><\/div>\n\n\n\n<div class=\"wp-block-column is-layout-flow wp-block-column-is-layout-flow\"><div class=\"wp-block-comment-author-name has-small-font-size\"><a rel=\"external nofollow ugc\" href=\"http:\/\/Sylvie%20Elliott\" target=\"_self\" >Sylvie Elliott<\/a><\/div>\n\n\n<div class=\"wp-block-group is-layout-flex wp-block-group-is-layout-flex\" style=\"margin-top:0px;margin-bottom:0px\"><div class=\"wp-block-comment-date has-small-font-size\"><time datetime=\"2023-12-01T09:52:27+07:00\"><a href=\"https:\/\/trannghiait.com\/index.php\/bocaigcafev4\/huong-dan-sua-loi-begin-registration-bat-dau-dang-ky-cho-game-fifa-online-4\/#comment-121\">1 Th\u00e1ng 12, 2023<\/a><\/time><\/div>\n\n<\/div>\n\n\n<div class=\"wp-block-comment-content\"><p>Sylvie Elliott<\/p>\n<\/div>\n\n<div class=\"wp-block-comment-reply-link has-small-font-size\"><a rel=\"nofollow\" class=\"comment-reply-link\" href=\"https:\/\/trannghiait.com\/index.php\/bocaigcafev4\/huong-dan-sua-loi-begin-registration-bat-dau-dang-ky-cho-game-fifa-online-4\/?replytocom=121#respond\" data-commentid=\"121\" data-postid=\"579\" data-belowelement=\"comment-121\" data-respondelement=\"respond\" data-replyto=\"Tr\u1ea3 l\u1eddi \u0111\u1ebfn Sylvie Elliott\" aria-label=\"Tr\u1ea3 l\u1eddi \u0111\u1ebfn Sylvie Elliott\">B\u00ecnh lu\u1eadn<\/a><\/div><\/div>\n<\/div>\n\n<\/li><li id=\"comment-124\" class=\"comment odd alt thread-odd thread-alt depth-1\">\n\n<div class=\"wp-block-columns is-layout-flex wp-container-core-columns-is-layout-9d6595d7 wp-block-columns-is-layout-flex\">\n<div class=\"wp-block-column is-layout-flow wp-block-column-is-layout-flow\" style=\"flex-basis:40px\"><div class=\"wp-block-avatar\"><img alt='\u1ea2nh \u0111\u1ea1i di\u1ec7n August Carr' src='https:\/\/secure.gravatar.com\/avatar\/db7a5cac4dfce67e3f7a7d8cb7990cfcb92cf83e6351763bdd22048e9af80e43?s=40&#038;d=mm&#038;r=g' srcset='https:\/\/secure.gravatar.com\/avatar\/db7a5cac4dfce67e3f7a7d8cb7990cfcb92cf83e6351763bdd22048e9af80e43?s=80&#038;d=mm&#038;r=g 2x' class='avatar avatar-40 photo wp-block-avatar__image' height='40' width='40'  style=\"border-radius:20px;\"\/><\/div><\/div>\n\n\n\n<div class=\"wp-block-column is-layout-flow wp-block-column-is-layout-flow\"><div class=\"wp-block-comment-author-name has-small-font-size\"><a rel=\"external nofollow ugc\" href=\"http:\/\/August%20Carr\" target=\"_self\" >August Carr<\/a><\/div>\n\n\n<div class=\"wp-block-group is-layout-flex wp-block-group-is-layout-flex\" style=\"margin-top:0px;margin-bottom:0px\"><div class=\"wp-block-comment-date has-small-font-size\"><time datetime=\"2023-12-07T22:10:52+07:00\"><a href=\"https:\/\/trannghiait.com\/index.php\/bocaigcafev4\/huong-dan-sua-loi-begin-registration-bat-dau-dang-ky-cho-game-fifa-online-4\/#comment-124\">7 Th\u00e1ng 12, 2023<\/a><\/time><\/div>\n\n<\/div>\n\n\n<div class=\"wp-block-comment-content\"><p>August Carr<\/p>\n<\/div>\n\n<div class=\"wp-block-comment-reply-link has-small-font-size\"><a rel=\"nofollow\" class=\"comment-reply-link\" href=\"https:\/\/trannghiait.com\/index.php\/bocaigcafev4\/huong-dan-sua-loi-begin-registration-bat-dau-dang-ky-cho-game-fifa-online-4\/?replytocom=124#respond\" data-commentid=\"124\" data-postid=\"579\" data-belowelement=\"comment-124\" data-respondelement=\"respond\" data-replyto=\"Tr\u1ea3 l\u1eddi \u0111\u1ebfn August Carr\" aria-label=\"Tr\u1ea3 l\u1eddi \u0111\u1ebfn August Carr\">B\u00ecnh lu\u1eadn<\/a><\/div><\/div>\n<\/div>\n\n<\/li><\/ol>\n\n\n\n\t<div id=\"respond\" class=\"comment-respond wp-block-post-comments-form\">\n\t\t<h3 id=\"reply-title\" class=\"comment-reply-title\"><span class=\"ez-toc-section\" id=\"De_lai_mot_binh_luan_Huy\"><\/span>\u0110\u1ec3 l\u1ea1i m\u1ed9t b\u00ecnh lu\u1eadn <small><a rel=\"nofollow\" id=\"cancel-comment-reply-link\" href=\"\/index.php\/wp-json\/wp\/v2\/pages\/579#respond\" style=\"display:none;\">H\u1ee7y<\/a><\/small><span class=\"ez-toc-section-end\"><\/span><\/h3><form action=\"https:\/\/trannghiait.com\/wp-comments-post.php\" method=\"post\" id=\"commentform\" class=\"comment-form\"><p class=\"comment-notes\"><span id=\"email-notes\">Email c\u1ee7a b\u1ea1n s\u1ebd kh\u00f4ng \u0111\u01b0\u1ee3c hi\u1ec3n th\u1ecb c\u00f4ng khai.<\/span> <span class=\"required-field-message\">C\u00e1c tr\u01b0\u1eddng b\u1eaft bu\u1ed9c \u0111\u01b0\u1ee3c \u0111\u00e1nh d\u1ea5u <span class=\"required\">*<\/span><\/span><\/p><p class=\"comment-form-comment\"><label for=\"comment\">B\u00ecnh lu\u1eadn <span class=\"required\">*<\/span><\/label> <textarea id=\"comment\" name=\"comment\" cols=\"45\" rows=\"8\" maxlength=\"65525\" required><\/textarea><\/p><p class=\"comment-form-author\"><label for=\"author\">T\u00ean<\/label><span class=\"required\">*<\/span><br\/><input id=\"author\" name=\"author\" type=\"text\" value=\"\" size=\"30\" aria-required='true' \/><\/p>\n<p class=\"comment-form-email\"><label for=\"email\">Th\u01b0 \u0111i\u1ec7n t\u1eed<\/label><span class=\"required\">*<\/span><br\/><input id=\"email\" name=\"email\" type=\"text\" value=\"\" size=\"30\" aria-required='true' \/><\/p>\n<p class=\"comment-form-url\"><label for=\"url\">Trang M\u1ea1ng<\/label><br\/><input id=\"url\" name=\"url\" type=\"text\" value=\"\" size=\"30\" \/><\/p>\n<p class=\"comment-form-cookies-consent\"><input id=\"wp-comment-cookies-consent\" name=\"wp-comment-cookies-consent\" type=\"checkbox\" value=\"yes\" \/><label for=\"wp-comment-cookies-consent\">L\u01b0u t\u00ean, email v\u00e0 trang web c\u1ee7a t\u00f4i trong tr\u00ecnh duy\u1ec7t cho l\u1ea7n b\u00ecnh lu\u1eadn sau.<\/label><\/p>\n<p class=\"form-submit\"><input name=\"submit\" type=\"submit\" id=\"submit\" class=\"submit\" value=\"G\u1eedi b\u00ecnh lu\u1eadn\" \/> <input type='hidden' name='comment_post_ID' value='579' id='comment_post_ID' \/>\n<input type='hidden' name='comment_parent' id='comment_parent' value='0' \/>\n<\/p><p style=\"display: none !important;\" class=\"akismet-fields-container\" data-prefix=\"ak_\"><label>&#916;<textarea name=\"ak_hp_textarea\" cols=\"45\" rows=\"8\" maxlength=\"100\"><\/textarea><\/label><input type=\"hidden\" id=\"ak_js_1\" name=\"ak_js\" value=\"8\"\/><script>document.getElementById( \"ak_js_1\" ).setAttribute( \"value\", ( new Date() ).getTime() );<\/script><\/p><\/form>\t<\/div><!-- #respond -->\n\t<\/div>\n\n\n<ul class=\"wp-block-latest-posts__list is-grid columns-4 wp-block-latest-posts\"><li><div class=\"wp-block-latest-posts__featured-image\"><img loading=\"lazy\" decoding=\"async\" width=\"150\" height=\"150\" src=\"https:\/\/trannghiait.com\/wp-content\/uploads\/2025\/08\/image-150x150.png\" class=\"attachment-thumbnail size-thumbnail wp-post-image\" alt=\"\" style=\"\" \/><\/div><a class=\"wp-block-latest-posts__post-title\" href=\"https:\/\/trannghiait.com\/index.php\/2025\/08\/08\/so-sanh-cac-phien-ban-chatgpt-gpt-4-gpt-4-1-gpt-4o-gpt-4-1-mini-dau-la-lua-chon-tot-nhat\/\">So S\u00e1nh C\u00e1c Phi\u00ean B\u1ea3n ChatGPT: GPT-4, GPT-4.1, GPT-4o, GPT-4.1 Mini \u2013 \u0110\u00e2u L\u00e0 L\u1ef1a Ch\u1ecdn T\u1ed1t Nh\u1ea5t?<\/a><\/li>\n<li><div class=\"wp-block-latest-posts__featured-image\"><img loading=\"lazy\" decoding=\"async\" width=\"150\" height=\"150\" src=\"https:\/\/trannghiait.com\/wp-content\/uploads\/2025\/02\/Pi-Network-binance.jpeg-150x150.webp\" class=\"attachment-thumbnail size-thumbnail wp-post-image\" alt=\"\" style=\"\" \/><\/div><a class=\"wp-block-latest-posts__post-title\" href=\"https:\/\/trannghiait.com\/index.php\/2025\/02\/22\/pi-network-co-that-su-tot-nhu-cach-moi-nguoi-hay-noi-voi-toi\/\">Pi Network: C\u00f3 th\u1eadt s\u1ef1 t\u1ed1t nh\u01b0 c\u00e1ch m\u1ecdi ng\u01b0\u1eddi hay n\u00f3i v\u1edbi t\u00f4i?<\/a><\/li>\n<li><div class=\"wp-block-latest-posts__featured-image\"><img loading=\"lazy\" decoding=\"async\" width=\"150\" height=\"150\" src=\"https:\/\/trannghiait.com\/wp-content\/uploads\/2025\/01\/images-150x150.jpg\" class=\"attachment-thumbnail size-thumbnail wp-post-image\" alt=\"\" style=\"\" \/><\/div><a class=\"wp-block-latest-posts__post-title\" href=\"https:\/\/trannghiait.com\/index.php\/2025\/01\/31\/deepseek-buoc-tien-moi-trong-cuoc-dua-tri-tue-nhan-tao-toan-cau\/\">DeepSeek: B\u01b0\u1edbc Ti\u1ebfn M\u1edbi Trong Cu\u1ed9c \u0110ua Tr\u00ed Tu\u1ec7 Nh\u00e2n T\u1ea1o To\u00e0n C\u1ea7u<\/a><\/li>\n<li><div class=\"wp-block-latest-posts__featured-image\"><img loading=\"lazy\" decoding=\"async\" width=\"150\" height=\"150\" src=\"https:\/\/trannghiait.com\/wp-content\/uploads\/2025\/01\/Capture-150x150.png\" class=\"attachment-thumbnail size-thumbnail wp-post-image\" alt=\"\" style=\"\" \/><\/div><a class=\"wp-block-latest-posts__post-title\" href=\"https:\/\/trannghiait.com\/index.php\/2025\/01\/04\/loi-no-module-named-moviepy-editor-khi-cai-dat-thu-vien-tren-python\/\">L\u1ed7i No module named &#8216;moviepy.editor&#8217; khi c\u00e0i \u0111\u1eb7t th\u01b0 vi\u1ec7n tr\u00ean Python<\/a><\/li>\n<li><div class=\"wp-block-latest-posts__featured-image\"><img loading=\"lazy\" decoding=\"async\" width=\"150\" height=\"150\" src=\"https:\/\/trannghiait.com\/wp-content\/uploads\/2025\/01\/image-150x150.png\" class=\"attachment-thumbnail size-thumbnail wp-post-image\" alt=\"\" style=\"\" \/><\/div><a class=\"wp-block-latest-posts__post-title\" href=\"https:\/\/trannghiait.com\/index.php\/2025\/01\/04\/huong-dan-chi-tiet-cach-tao-shortcut-tap-tin-tren-windows-va-loi-ich-su-dung\/\">H\u01b0\u1edbng D\u1eabn Chi Ti\u1ebft: C\u00e1ch T\u1ea1o Shortcut T\u1eadp Tin tr\u00ean Windows 10\/11 v\u00e0 L\u1ee3i \u00cdch S\u1eed D\u1ee5ng<\/a><\/li>\n<li><div class=\"wp-block-latest-posts__featured-image\"><img loading=\"lazy\" decoding=\"async\" width=\"150\" height=\"150\" src=\"https:\/\/trannghiait.com\/wp-content\/uploads\/2024\/12\/image-11-150x150.png\" class=\"attachment-thumbnail size-thumbnail wp-post-image\" alt=\"\" style=\"\" \/><\/div><a class=\"wp-block-latest-posts__post-title\" href=\"https:\/\/trannghiait.com\/index.php\/2024\/12\/26\/huong-dan-xac-thuc-so-dien-thoai-cccd-cho-tai-khoan-facebook-chi-tiet\/\">H\u01af\u1edaNG D\u1eaaN X\u00c1C TH\u1ef0C S\u1ed0 \u0110I\u1ec6N THO\u1ea0I\/CCCD CHO T\u00c0I KHO\u1ea2N FACEBOOK CHI TI\u1ebeT<\/a><\/li>\n<li><div class=\"wp-block-latest-posts__featured-image\"><img loading=\"lazy\" decoding=\"async\" width=\"150\" height=\"150\" src=\"https:\/\/trannghiait.com\/wp-content\/uploads\/2023\/08\/Microsoft_Office_Excel_2019\u2013present.svg_-150x150.png\" class=\"attachment-thumbnail size-thumbnail wp-post-image\" alt=\"\" style=\"\" \/><\/div><a class=\"wp-block-latest-posts__post-title\" href=\"https:\/\/trannghiait.com\/index.php\/2024\/12\/24\/cach-chuyen-gia-tri-co-dinh-dang-ngay-thang-nam-sang-dinh-dang-text-khong-bi-thay-doi-gia-tri\/\">C\u00e1ch chuy\u1ec3n gi\u00e1 tr\u1ecb c\u00f3 \u0111\u1ecbnh d\u1ea1ng ng\u00e0y th\u00e1ng n\u0103m sang \u0111\u1ecbnh d\u1ea1ng TEXT kh\u00f4ng b\u1ecb thay \u0111\u1ed5i gi\u00e1 tr\u1ecb<\/a><\/li>\n<li><div class=\"wp-block-latest-posts__featured-image\"><img loading=\"lazy\" decoding=\"async\" width=\"150\" height=\"150\" src=\"https:\/\/trannghiait.com\/wp-content\/uploads\/2024\/11\/hoi-150x150.jpg\" class=\"attachment-thumbnail size-thumbnail wp-post-image\" alt=\"\" style=\"\" \/><\/div><a class=\"wp-block-latest-posts__post-title\" href=\"https:\/\/trannghiait.com\/index.php\/2024\/11\/26\/nguy-co-hoi-tu-viec-nho-toc-bac\/\">Nguy c\u01a1 &#8220;H\u00f3i&#8221; t\u1eeb vi\u1ec7c nh\u1ed5 t\u00f3c b\u1ea1c<\/a><\/li>\n<\/ul>","protected":false},"excerpt":{"rendered":"<div class=\"mh-excerpt\"><p>\u0110\u1ea7u ti\u00ean ch\u1ea1y fixbegin \u1ed5n \u0111\u1ecbnh th\u00ec anh em ph\u1ea3i \u0111\u0103ng nh\u1eadp Gcafex.exe xem m\u1ee5c t\u1ed1c \u0111\u1ed9 ch\u1ea1y gcafe c\u00f3 ph\u1ea3i l\u00e0 &#8220;Slow&#8221; hay kh\u00f4ng, <a class=\"mh-excerpt-more\" href=\"https:\/\/trannghiait.com\/index.php\/bocaigcafev4\/huong-dan-sua-loi-begin-registration-bat-dau-dang-ky-cho-game-fifa-online-4\/\" title=\"H\u01b0\u1edbng d\u1eabn s\u1eeda l\u1ed7i Begin registration\/B\u1eaft \u0111\u1ea7u \u0111\u0103ng k\u00fd GCAFE IRG cho game Fifa Online 4 m\u1edbi nh\u1ea5t 2023\">[&#8230;]<\/a><\/p>\n<\/div>","protected":false},"author":1,"featured_media":0,"parent":21,"menu_order":1,"comment_status":"open","ping_status":"closed","template":"","meta":{"footnotes":""},"class_list":["post-579","page","type-page","status-publish","hentry"],"_links":{"self":[{"href":"https:\/\/trannghiait.com\/index.php\/wp-json\/wp\/v2\/pages\/579","targetHints":{"allow":["GET"]}}],"collection":[{"href":"https:\/\/trannghiait.com\/index.php\/wp-json\/wp\/v2\/pages"}],"about":[{"href":"https:\/\/trannghiait.com\/index.php\/wp-json\/wp\/v2\/types\/page"}],"author":[{"embeddable":true,"href":"https:\/\/trannghiait.com\/index.php\/wp-json\/wp\/v2\/users\/1"}],"replies":[{"embeddable":true,"href":"https:\/\/trannghiait.com\/index.php\/wp-json\/wp\/v2\/comments?post=579"}],"version-history":[{"count":7,"href":"https:\/\/trannghiait.com\/index.php\/wp-json\/wp\/v2\/pages\/579\/revisions"}],"predecessor-version":[{"id":1986,"href":"https:\/\/trannghiait.com\/index.php\/wp-json\/wp\/v2\/pages\/579\/revisions\/1986"}],"up":[{"embeddable":true,"href":"https:\/\/trannghiait.com\/index.php\/wp-json\/wp\/v2\/pages\/21"}],"wp:attachment":[{"href":"https:\/\/trannghiait.com\/index.php\/wp-json\/wp\/v2\/media?parent=579"}],"curies":[{"name":"wp","href":"https:\/\/api.w.org\/{rel}","templated":true}]}}