{"id":480,"date":"2023-02-05T21:17:22","date_gmt":"2023-02-05T14:17:22","guid":{"rendered":"https:\/\/trannghiait.com\/\/?page_id=480"},"modified":"2024-02-18T18:07:19","modified_gmt":"2024-02-18T11:07:19","slug":"tat-va-loai-tru-thu-muc-windows-defender-windows-security-tren-windows-10-windows-11","status":"publish","type":"page","link":"https:\/\/trannghiait.com\/index.php\/bocaigcafev4\/tat-va-loai-tru-thu-muc-windows-defender-windows-security-tren-windows-10-windows-11\/","title":{"rendered":"T\u1eaft &#038; lo\u1ea1i tr\u1eeb Windows Security tr\u00ean Windows 10, 11"},"content":{"rendered":"\n<p><strong>T\u1eeb&nbsp;phi\u00ean b\u1ea3n 1803 tr\u1edf l\u00ean<\/strong>&nbsp;b\u1ea1n l\u00e0m theo h\u01b0\u1edbng d\u1eabn sau \u0111\u1ec3 v\u00f4 hi\u1ec7u h\u00f3a t\u1ea1m th\u1eddi Windows Defender:<\/p>\n\n\n\n<div id=\"ez-toc-container\" class=\"ez-toc-v2_0_64 counter-hierarchy ez-toc-counter ez-toc-light-blue ez-toc-container-direction\">\n<div class=\"ez-toc-title-container\">\n<p class=\"ez-toc-title \" >M\u1ee5c l\u1ee5c<\/p>\n<span class=\"ez-toc-title-toggle\"><a href=\"#\" class=\"ez-toc-pull-right ez-toc-btn ez-toc-btn-xs ez-toc-btn-default ez-toc-toggle\" aria-label=\"Toggle Table of Content\"><span class=\"ez-toc-js-icon-con\"><span class=\"\"><span class=\"eztoc-hide\" style=\"display:none;\">Toggle<\/span><span class=\"ez-toc-icon-toggle-span\"><svg style=\"fill: #999;color:#999\" xmlns=\"http:\/\/www.w3.org\/2000\/svg\" class=\"list-377408\" width=\"20px\" height=\"20px\" viewBox=\"0 0 24 24\" fill=\"none\"><path d=\"M6 6H4v2h2V6zm14 0H8v2h12V6zM4 11h2v2H4v-2zm16 0H8v2h12v-2zM4 16h2v2H4v-2zm16 0H8v2h12v-2z\" fill=\"currentColor\"><\/path><\/svg><svg style=\"fill: #999;color:#999\" class=\"arrow-unsorted-368013\" xmlns=\"http:\/\/www.w3.org\/2000\/svg\" width=\"10px\" height=\"10px\" viewBox=\"0 0 24 24\" version=\"1.2\" baseProfile=\"tiny\"><path d=\"M18.2 9.3l-6.2-6.3-6.2 6.3c-.2.2-.3.4-.3.7s.1.5.3.7c.2.2.4.3.7.3h11c.3 0 .5-.1.7-.3.2-.2.3-.5.3-.7s-.1-.5-.3-.7zM5.8 14.7l6.2 6.3 6.2-6.3c.2-.2.3-.5.3-.7s-.1-.5-.3-.7c-.2-.2-.4-.3-.7-.3h-11c-.3 0-.5.1-.7.3-.2.2-.3.5-.3.7s.1.5.3.7z\"\/><\/svg><\/span><\/span><\/span><\/a><\/span><\/div>\n<nav><ul class='ez-toc-list ez-toc-list-level-1 ' ><li class='ez-toc-page-1 ez-toc-heading-level-2'><a class=\"ez-toc-link ez-toc-heading-1\" href=\"https:\/\/trannghiait.com\/index.php\/bocaigcafev4\/tat-va-loai-tru-thu-muc-windows-defender-windows-security-tren-windows-10-windows-11\/#A_Tat_tam_thoi_security_sau_khi_tat_tam_thoi_thi_moi_tien_hanh_tai_Bo_cai_V4_gcafe_nhe\" title=\"A: T\u1eaft t\u1ea1m th\u1eddi security (sau khi t\u1eaft t\u1ea1m th\u1eddi th\u00ec m\u1edbi ti\u1ebfn h\u00e0nh t\u1ea3i B\u1ed9 c\u00e0i V4 gcafe nh\u00e9)\">A: T\u1eaft t\u1ea1m th\u1eddi security (sau khi t\u1eaft t\u1ea1m th\u1eddi th\u00ec m\u1edbi ti\u1ebfn h\u00e0nh t\u1ea3i B\u1ed9 c\u00e0i V4 gcafe nh\u00e9)<\/a><\/li><li class='ez-toc-page-1 ez-toc-heading-level-2'><a class=\"ez-toc-link ez-toc-heading-2\" href=\"https:\/\/trannghiait.com\/index.php\/bocaigcafev4\/tat-va-loai-tru-thu-muc-windows-defender-windows-security-tren-windows-10-windows-11\/#B_Loai_tru_tep_de_khong_bi_xoa_file\" title=\"B. Lo\u1ea1i tr\u1eeb t\u1ec7p \u0111\u1ec3 kh\u00f4ng b\u1ecb x\u00f3a file\">B. Lo\u1ea1i tr\u1eeb t\u1ec7p \u0111\u1ec3 kh\u00f4ng b\u1ecb x\u00f3a file<\/a><\/li><\/ul><\/nav><\/div>\n<h2 class=\"wp-block-heading\"><span class=\"ez-toc-section\" id=\"A_Tat_tam_thoi_security_sau_khi_tat_tam_thoi_thi_moi_tien_hanh_tai_Bo_cai_V4_gcafe_nhe\"><\/span>A: T\u1eaft t\u1ea1m th\u1eddi security <em>(sau khi t\u1eaft t\u1ea1m th\u1eddi th\u00ec m\u1edbi ti\u1ebfn h\u00e0nh t\u1ea3i B\u1ed9 c\u00e0i V4 gcafe nh\u00e9)<\/em><span class=\"ez-toc-section-end\"><\/span><\/h2>\n\n\n\n<p>B1: Nh\u1eadp&nbsp;<strong>Windows Security<\/strong>&nbsp;v\u00e0o \u00f4 t\u00ecm ki\u1ebfm Window.<\/p>\n\n\n\n<figure class=\"wp-block-image size-large\"><img fetchpriority=\"high\" decoding=\"async\" width=\"1024\" height=\"1000\" src=\"https:\/\/trannghiait.com\/wp-content\/uploads\/2023\/03\/Screenshot-2023-03-22-091511-1024x1000.png\" alt=\"\" class=\"wp-image-503\" srcset=\"https:\/\/trannghiait.com\/wp-content\/uploads\/2023\/03\/Screenshot-2023-03-22-091511-1024x1000.png 1024w, https:\/\/trannghiait.com\/wp-content\/uploads\/2023\/03\/Screenshot-2023-03-22-091511-300x293.png 300w, https:\/\/trannghiait.com\/wp-content\/uploads\/2023\/03\/Screenshot-2023-03-22-091511-768x750.png 768w, https:\/\/trannghiait.com\/wp-content\/uploads\/2023\/03\/Screenshot-2023-03-22-091511.png 1267w\" sizes=\"(max-width: 1024px) 100vw, 1024px\" \/><\/figure>\n\n\n\n<p>B2: Nh\u1ea5p v\u00e0o bi\u1ec3u t\u01b0\u1ee3ng <strong>Virus &amp; threat protection<\/strong> nh\u01b0 h\u00ecnh.<\/p>\n\n\n\n<figure class=\"wp-block-image size-large is-resized\"><img decoding=\"async\" src=\"https:\/\/st.quantrimang.com\/photos\/image\/2020\/05\/27\/them-ngoai-le-trong-windows-defender-1.jpg\" alt=\"\" style=\"width:840px;height:566px\"\/><\/figure>\n\n\n\n<p>B3: Nh\u1ea5p v\u00e0o d\u00f2ng <strong>Manage settings<\/strong> nh\u01b0 h\u00ecnh tr\u00ean.<\/p>\n\n\n\n<p>B4: Nh\u1ea5p v\u00e0o thanh tr\u01b0\u1ee3t \u0111\u1ec3 chuy\u1ec3n tr\u1ea1ng th\u00e1i <strong>Real-time protection<\/strong>&nbsp;t\u1eeb&nbsp;<strong>ON<\/strong>&nbsp;sang&nbsp;<strong>OFF<\/strong>.<\/p>\n\n\n\n<figure class=\"wp-block-image size-large\"><img decoding=\"async\" src=\"https:\/\/st.quantrimang.com\/photos\/image\/2016\/10\/01\/win10-5.jpg\" alt=\"\"\/><\/figure>\n\n\n\n<h2 class=\"wp-block-heading\"><span class=\"ez-toc-section\" id=\"B_Loai_tru_tep_de_khong_bi_xoa_file\"><\/span>B. Lo\u1ea1i tr\u1eeb t\u1ec7p \u0111\u1ec3 kh\u00f4ng b\u1ecb x\u00f3a file<span class=\"ez-toc-section-end\"><\/span><\/h2>\n\n\n\n<p>B1: Ngay t\u1ea1i&nbsp;trang <strong>Virus &amp; Threat Protection Settings<\/strong> \u1edf ph\u1ea7n A, k\u00e9o chu\u1ed9t xu\u1ed1ng d\u01b0\u1edbi c\u00f9ng c\u1ee7a trang v\u00e0 nh\u1ea5p v\u00e0o&nbsp;d\u00f2ng <strong>Add or Remove Exclusions<\/strong>.<\/p>\n\n\n\n<figure class=\"wp-block-image size-large\"><img decoding=\"async\" width=\"1024\" height=\"806\" src=\"https:\/\/trannghiait.com\/wp-content\/uploads\/2023\/03\/Screenshot-2023-03-22-092108-1-1024x806.png\" alt=\"\" class=\"wp-image-507\" srcset=\"https:\/\/trannghiait.com\/wp-content\/uploads\/2023\/03\/Screenshot-2023-03-22-092108-1-1024x806.png 1024w, https:\/\/trannghiait.com\/wp-content\/uploads\/2023\/03\/Screenshot-2023-03-22-092108-1-300x236.png 300w, https:\/\/trannghiait.com\/wp-content\/uploads\/2023\/03\/Screenshot-2023-03-22-092108-1-768x604.png 768w, https:\/\/trannghiait.com\/wp-content\/uploads\/2023\/03\/Screenshot-2023-03-22-092108-1.png 1503w\" sizes=\"(max-width: 1024px) 100vw, 1024px\" \/><\/figure>\n\n\n\n<p>B2: Ti\u1ebfp t\u1ee5c nh\u1ea5p v\u00e0o d\u00f2ng <strong>Add an exclusion<\/strong>, ch\u1ecdn <strong>Folder<\/strong> sau \u0111\u00f3 ch\u1ecdn \u0111\u1ebfn th\u01b0 m\u1ee5c &#8220;<strong>B\u1ed9 C\u00e0i Gcafe V4<\/strong>&#8220;<\/p>\n\n\n\n<figure class=\"wp-block-image size-large is-resized\"><img decoding=\"async\" src=\"https:\/\/st.quantrimang.com\/photos\/image\/2020\/05\/27\/them-ngoai-le-trong-windows-defender-3.jpg\" alt=\"\" style=\"width:831px;height:574px\"\/><figcaption class=\"wp-element-caption\">B3: nh\u01b0 h\u00ecnh d\u01b0\u1edbi \u0111\u00e2y l\u00e0 th\u00e0nh c\u00f4ng.<\/figcaption><\/figure>\n\n\n\n<figure class=\"wp-block-image size-large is-resized\"><img decoding=\"async\" width=\"1024\" height=\"797\" src=\"https:\/\/trannghiait.com\/wp-content\/uploads\/2023\/03\/Screenshot-2023-03-22-092622-1024x797.png\" alt=\"\" class=\"wp-image-506\" style=\"width:840px;height:653px\" srcset=\"https:\/\/trannghiait.com\/wp-content\/uploads\/2023\/03\/Screenshot-2023-03-22-092622-1024x797.png 1024w, https:\/\/trannghiait.com\/wp-content\/uploads\/2023\/03\/Screenshot-2023-03-22-092622-300x234.png 300w, https:\/\/trannghiait.com\/wp-content\/uploads\/2023\/03\/Screenshot-2023-03-22-092622-768x598.png 768w, https:\/\/trannghiait.com\/wp-content\/uploads\/2023\/03\/Screenshot-2023-03-22-092622.png 1512w\" sizes=\"(max-width: 1024px) 100vw, 1024px\" \/><\/figure>\n\n\n<ul class=\"wp-block-latest-posts__list is-grid columns-4 wp-block-latest-posts\"><li><div class=\"wp-block-latest-posts__featured-image\"><img loading=\"lazy\" decoding=\"async\" width=\"150\" height=\"150\" src=\"https:\/\/trannghiait.com\/wp-content\/uploads\/2025\/08\/image-150x150.png\" class=\"attachment-thumbnail size-thumbnail wp-post-image\" alt=\"\" style=\"\" \/><\/div><a class=\"wp-block-latest-posts__post-title\" href=\"https:\/\/trannghiait.com\/index.php\/2025\/08\/08\/so-sanh-cac-phien-ban-chatgpt-gpt-4-gpt-4-1-gpt-4o-gpt-4-1-mini-dau-la-lua-chon-tot-nhat\/\">So S\u00e1nh C\u00e1c Phi\u00ean B\u1ea3n ChatGPT: GPT-4, GPT-4.1, GPT-4o, GPT-4.1 Mini \u2013 \u0110\u00e2u L\u00e0 L\u1ef1a Ch\u1ecdn T\u1ed1t Nh\u1ea5t?<\/a><\/li>\n<li><div class=\"wp-block-latest-posts__featured-image\"><img loading=\"lazy\" decoding=\"async\" width=\"150\" height=\"150\" src=\"https:\/\/trannghiait.com\/wp-content\/uploads\/2025\/02\/Pi-Network-binance.jpeg-150x150.webp\" class=\"attachment-thumbnail size-thumbnail wp-post-image\" alt=\"\" style=\"\" \/><\/div><a class=\"wp-block-latest-posts__post-title\" href=\"https:\/\/trannghiait.com\/index.php\/2025\/02\/22\/pi-network-co-that-su-tot-nhu-cach-moi-nguoi-hay-noi-voi-toi\/\">Pi Network: C\u00f3 th\u1eadt s\u1ef1 t\u1ed1t nh\u01b0 c\u00e1ch m\u1ecdi ng\u01b0\u1eddi hay n\u00f3i v\u1edbi t\u00f4i?<\/a><\/li>\n<li><div class=\"wp-block-latest-posts__featured-image\"><img loading=\"lazy\" decoding=\"async\" width=\"150\" height=\"150\" src=\"https:\/\/trannghiait.com\/wp-content\/uploads\/2025\/01\/images-150x150.jpg\" class=\"attachment-thumbnail size-thumbnail wp-post-image\" alt=\"\" style=\"\" \/><\/div><a class=\"wp-block-latest-posts__post-title\" href=\"https:\/\/trannghiait.com\/index.php\/2025\/01\/31\/deepseek-buoc-tien-moi-trong-cuoc-dua-tri-tue-nhan-tao-toan-cau\/\">DeepSeek: B\u01b0\u1edbc Ti\u1ebfn M\u1edbi Trong Cu\u1ed9c \u0110ua Tr\u00ed Tu\u1ec7 Nh\u00e2n T\u1ea1o To\u00e0n C\u1ea7u<\/a><\/li>\n<li><div class=\"wp-block-latest-posts__featured-image\"><img loading=\"lazy\" decoding=\"async\" width=\"150\" height=\"150\" src=\"https:\/\/trannghiait.com\/wp-content\/uploads\/2025\/01\/Capture-150x150.png\" class=\"attachment-thumbnail size-thumbnail wp-post-image\" alt=\"\" style=\"\" \/><\/div><a class=\"wp-block-latest-posts__post-title\" href=\"https:\/\/trannghiait.com\/index.php\/2025\/01\/04\/loi-no-module-named-moviepy-editor-khi-cai-dat-thu-vien-tren-python\/\">L\u1ed7i No module named &#8216;moviepy.editor&#8217; khi c\u00e0i \u0111\u1eb7t th\u01b0 vi\u1ec7n tr\u00ean Python<\/a><\/li>\n<li><div class=\"wp-block-latest-posts__featured-image\"><img loading=\"lazy\" decoding=\"async\" width=\"150\" height=\"150\" src=\"https:\/\/trannghiait.com\/wp-content\/uploads\/2025\/01\/image-150x150.png\" class=\"attachment-thumbnail size-thumbnail wp-post-image\" alt=\"\" style=\"\" \/><\/div><a class=\"wp-block-latest-posts__post-title\" href=\"https:\/\/trannghiait.com\/index.php\/2025\/01\/04\/huong-dan-chi-tiet-cach-tao-shortcut-tap-tin-tren-windows-va-loi-ich-su-dung\/\">H\u01b0\u1edbng D\u1eabn Chi Ti\u1ebft: C\u00e1ch T\u1ea1o Shortcut T\u1eadp Tin tr\u00ean Windows 10\/11 v\u00e0 L\u1ee3i \u00cdch S\u1eed D\u1ee5ng<\/a><\/li>\n<li><div class=\"wp-block-latest-posts__featured-image\"><img loading=\"lazy\" decoding=\"async\" width=\"150\" height=\"150\" src=\"https:\/\/trannghiait.com\/wp-content\/uploads\/2024\/12\/image-11-150x150.png\" class=\"attachment-thumbnail size-thumbnail wp-post-image\" alt=\"\" style=\"\" \/><\/div><a class=\"wp-block-latest-posts__post-title\" href=\"https:\/\/trannghiait.com\/index.php\/2024\/12\/26\/huong-dan-xac-thuc-so-dien-thoai-cccd-cho-tai-khoan-facebook-chi-tiet\/\">H\u01af\u1edaNG D\u1eaaN X\u00c1C TH\u1ef0C S\u1ed0 \u0110I\u1ec6N THO\u1ea0I\/CCCD CHO T\u00c0I KHO\u1ea2N FACEBOOK CHI TI\u1ebeT<\/a><\/li>\n<li><div class=\"wp-block-latest-posts__featured-image\"><img loading=\"lazy\" decoding=\"async\" width=\"150\" height=\"150\" src=\"https:\/\/trannghiait.com\/wp-content\/uploads\/2023\/08\/Microsoft_Office_Excel_2019\u2013present.svg_-150x150.png\" class=\"attachment-thumbnail size-thumbnail wp-post-image\" alt=\"\" style=\"\" \/><\/div><a class=\"wp-block-latest-posts__post-title\" href=\"https:\/\/trannghiait.com\/index.php\/2024\/12\/24\/cach-chuyen-gia-tri-co-dinh-dang-ngay-thang-nam-sang-dinh-dang-text-khong-bi-thay-doi-gia-tri\/\">C\u00e1ch chuy\u1ec3n gi\u00e1 tr\u1ecb c\u00f3 \u0111\u1ecbnh d\u1ea1ng ng\u00e0y th\u00e1ng n\u0103m sang \u0111\u1ecbnh d\u1ea1ng TEXT kh\u00f4ng b\u1ecb thay \u0111\u1ed5i gi\u00e1 tr\u1ecb<\/a><\/li>\n<li><div class=\"wp-block-latest-posts__featured-image\"><img loading=\"lazy\" decoding=\"async\" width=\"150\" height=\"150\" src=\"https:\/\/trannghiait.com\/wp-content\/uploads\/2024\/11\/hoi-150x150.jpg\" class=\"attachment-thumbnail size-thumbnail wp-post-image\" alt=\"\" style=\"\" \/><\/div><a class=\"wp-block-latest-posts__post-title\" href=\"https:\/\/trannghiait.com\/index.php\/2024\/11\/26\/nguy-co-hoi-tu-viec-nho-toc-bac\/\">Nguy c\u01a1 &#8220;H\u00f3i&#8221; t\u1eeb vi\u1ec7c nh\u1ed5 t\u00f3c b\u1ea1c<\/a><\/li>\n<\/ul>","protected":false},"excerpt":{"rendered":"<div class=\"mh-excerpt\"><p>T\u1eeb&nbsp;phi\u00ean b\u1ea3n 1803 tr\u1edf l\u00ean&nbsp;b\u1ea1n l\u00e0m theo h\u01b0\u1edbng d\u1eabn sau \u0111\u1ec3 v\u00f4 hi\u1ec7u h\u00f3a t\u1ea1m th\u1eddi Windows Defender: A: T\u1eaft t\u1ea1m th\u1eddi security (sau khi <a class=\"mh-excerpt-more\" href=\"https:\/\/trannghiait.com\/index.php\/bocaigcafev4\/tat-va-loai-tru-thu-muc-windows-defender-windows-security-tren-windows-10-windows-11\/\" title=\"T\u1eaft &#038; lo\u1ea1i tr\u1eeb Windows Security tr\u00ean Windows 10, 11\">[&#8230;]<\/a><\/p>\n<\/div>","protected":false},"author":1,"featured_media":0,"parent":21,"menu_order":1,"comment_status":"open","ping_status":"closed","template":"","meta":{"footnotes":""},"class_list":["post-480","page","type-page","status-publish","hentry"],"_links":{"self":[{"href":"https:\/\/trannghiait.com\/index.php\/wp-json\/wp\/v2\/pages\/480","targetHints":{"allow":["GET"]}}],"collection":[{"href":"https:\/\/trannghiait.com\/index.php\/wp-json\/wp\/v2\/pages"}],"about":[{"href":"https:\/\/trannghiait.com\/index.php\/wp-json\/wp\/v2\/types\/page"}],"author":[{"embeddable":true,"href":"https:\/\/trannghiait.com\/index.php\/wp-json\/wp\/v2\/users\/1"}],"replies":[{"embeddable":true,"href":"https:\/\/trannghiait.com\/index.php\/wp-json\/wp\/v2\/comments?post=480"}],"version-history":[{"count":7,"href":"https:\/\/trannghiait.com\/index.php\/wp-json\/wp\/v2\/pages\/480\/revisions"}],"predecessor-version":[{"id":1988,"href":"https:\/\/trannghiait.com\/index.php\/wp-json\/wp\/v2\/pages\/480\/revisions\/1988"}],"up":[{"embeddable":true,"href":"https:\/\/trannghiait.com\/index.php\/wp-json\/wp\/v2\/pages\/21"}],"wp:attachment":[{"href":"https:\/\/trannghiait.com\/index.php\/wp-json\/wp\/v2\/media?parent=480"}],"curies":[{"name":"wp","href":"https:\/\/api.w.org\/{rel}","templated":true}]}}