{"id":473,"date":"2023-01-31T16:50:16","date_gmt":"2023-01-31T09:50:16","guid":{"rendered":"https:\/\/trannghiait.com\/\/?page_id=473"},"modified":"2023-08-21T10:32:00","modified_gmt":"2023-08-21T03:32:00","slug":"473-2","status":"publish","type":"page","link":"https:\/\/trannghiait.com\/index.php\/bocaigcafev4\/473-2\/","title":{"rendered":"C\u00e1ch d\u00f9ng gcafe cho ti\u1ec7m net"},"content":{"rendered":"\n<p>B1: Click v\u00e0o <strong><em>VPN Gate Public VPN Relay Servers<\/em><\/strong> \u0111\u1ec3 ti\u1ebfn h\u00e0nh<\/p>\n\n\n\n<figure class=\"wp-block-image size-full\"><img fetchpriority=\"high\" decoding=\"async\" width=\"612\" height=\"153\" src=\"https:\/\/trannghiait.com\/\/wp-content\/uploads\/2022\/09\/image-22.png\" alt=\"\" class=\"wp-image-297\" srcset=\"https:\/\/trannghiait.com\/wp-content\/uploads\/2022\/09\/image-22.png 612w, https:\/\/trannghiait.com\/wp-content\/uploads\/2022\/09\/image-22-300x75.png 300w\" sizes=\"(max-width: 612px) 100vw, 612px\" \/><figcaption class=\"wp-element-caption\">B2: Ch\u1ecdn m\u1ea1ng b\u1ea5t k\u1ef3 \u0111\u1ec3 k\u1ebft n\u1ed1i \u0111\u1ebfn <strong>VPN CLient<\/strong> sau \u0111\u00f3 <strong>\u0111\u00fap chu\u1ed9t tr\u00e1i <\/strong>v\u00e0o \u0111\u00f3<\/figcaption><\/figure>\n\n\n\n<figure class=\"wp-block-image size-full\"><img decoding=\"async\" width=\"621\" height=\"481\" src=\"https:\/\/trannghiait.com\/\/wp-content\/uploads\/2022\/09\/image-23.png\" alt=\"\" class=\"wp-image-298\" srcset=\"https:\/\/trannghiait.com\/wp-content\/uploads\/2022\/09\/image-23.png 621w, https:\/\/trannghiait.com\/wp-content\/uploads\/2022\/09\/image-23-300x232.png 300w\" sizes=\"(max-width: 621px) 100vw, 621px\" \/><\/figure>\n\n\n\n<p><\/p>\n\n\n\n<p>B3: N\u1ebfu b\u00e1o nh\u01b0 th\u1ebf n\u00e0y l\u00e0 b\u1ecb l\u1ed7i ch\u01b0a \u0111\u01b0\u1ee3c, ta c\u1ee9 ti\u1ebfp t\u1ee5c k\u1ebft n\u1ed1i \u0111\u1ebfn VPN kh\u00e1c nh\u01b0 <strong>h\u00ecnh th\u1ee9 2<\/strong> b\u00ean d\u01b0\u1edbi l\u00e0 <strong>th\u00e0nh c\u00f4ng<\/strong><\/p>\n\n\n\n<figure class=\"wp-block-image size-full\"><img decoding=\"async\" width=\"649\" height=\"482\" src=\"https:\/\/trannghiait.com\/\/wp-content\/uploads\/2022\/09\/image-24.png\" alt=\"\" class=\"wp-image-299\" srcset=\"https:\/\/trannghiait.com\/wp-content\/uploads\/2022\/09\/image-24.png 649w, https:\/\/trannghiait.com\/wp-content\/uploads\/2022\/09\/image-24-300x223.png 300w, https:\/\/trannghiait.com\/wp-content\/uploads\/2022\/09\/image-24-80x60.png 80w\" sizes=\"(max-width: 649px) 100vw, 649px\" \/><figcaption class=\"wp-element-caption\"><img decoding=\"async\" src=\"https:\/\/trannghiait.com\/\/wp-content\/uploads\/2022\/09\/image-25.png\" alt=\"\"><\/figcaption><\/figure>\n\n\n\n<p><\/p>\n\n\n\n<p>B4: Sau khi k\u1ebft n\u1ed1i vpn th\u00e0nh c\u00f4ng, ta ti\u1ebfn h\u00e0nh c\u00e1c b\u01b0\u1edbc sau:<\/p>\n\n\n\n<ul class=\"wp-block-list\">\n<li><strong>\u0110\u0103ng nh\u1eadp gcafex.exe<\/strong> \u1edf m\u00e0n h\u00ecnh desktop (ho\u1eb7c trong b\u1ed9 c\u00e0i V4)<\/li>\n\n\n\n<li>Ch\u1ecdn <strong>&#8220;slow&#8221;<\/strong>, b\u1ea5m <strong>s\u1eed d\u1ee5ng k\u00edch ho\u1ea1t <\/strong>(kh\u00f4ng c\u1ea7n ch\u1edd thanh ti\u1ebfn tr\u00ecnh ch\u1ea1y h\u1ebft)<\/li>\n<\/ul>\n\n\n\n<figure class=\"wp-block-image size-large\"><img loading=\"lazy\" decoding=\"async\" width=\"1024\" height=\"547\" src=\"https:\/\/trannghiait.com\/\/wp-content\/uploads\/2022\/10\/Capture-1024x547.jpg\" alt=\"\" class=\"wp-image-317\" srcset=\"https:\/\/trannghiait.com\/wp-content\/uploads\/2022\/10\/Capture-1024x547.jpg 1024w, https:\/\/trannghiait.com\/wp-content\/uploads\/2022\/10\/Capture-300x160.jpg 300w, https:\/\/trannghiait.com\/wp-content\/uploads\/2022\/10\/Capture-768x410.jpg 768w, https:\/\/trannghiait.com\/wp-content\/uploads\/2022\/10\/Capture.jpg 1161w\" sizes=\"(max-width: 1024px) 100vw, 1024px\" \/><\/figure>\n\n\n\n<ul class=\"wp-block-list\" id=\"block-8d352264-5e3f-4ab1-90ed-ff83deafac46\">\n<li>\u0110\u1ee3i <strong>gcafe service<\/strong> <strong>hi\u1ec7n t\u00edch xanh<\/strong> th\u00ec \u0111\u0103ng xu\u1ea5t garena<\/li>\n\n\n\n<li>Ng\u1eaft vpn b\u1eb1ng c\u00e1ch b\u1ea5m <strong>chu\u1ed9t ph\u1ea3i<\/strong> ch\u1ecdn &#8220;<strong>disconnect<\/strong>&#8221; r\u1ed3i \u0111\u0103ng nh\u1eadp garena v\u00e0o game v\u00e0 th\u01b0\u1edfng th\u1ee9c <a rel=\"noreferrer noopener\" href=\"https:\/\/www.facebook.com\/GcafeTNIT\" target=\"_blank\">Gcafe<\/a> nh\u00e9!<\/li>\n<\/ul>\n\n\n\n<figure class=\"wp-block-image size-full\"><img loading=\"lazy\" decoding=\"async\" width=\"1006\" height=\"670\" src=\"https:\/\/trannghiait.com\/\/wp-content\/uploads\/2022\/09\/image-27.png\" alt=\"\" class=\"wp-image-302\" srcset=\"https:\/\/trannghiait.com\/wp-content\/uploads\/2022\/09\/image-27.png 1006w, https:\/\/trannghiait.com\/wp-content\/uploads\/2022\/09\/image-27-300x200.png 300w, https:\/\/trannghiait.com\/wp-content\/uploads\/2022\/09\/image-27-768x511.png 768w\" sizes=\"(max-width: 1006px) 100vw, 1006px\" \/><\/figure>\n","protected":false},"excerpt":{"rendered":"<div class=\"mh-excerpt\"><p>B1: Click v\u00e0o VPN Gate Public VPN Relay Servers \u0111\u1ec3 ti\u1ebfn h\u00e0nh B3: N\u1ebfu b\u00e1o nh\u01b0 th\u1ebf n\u00e0y l\u00e0 b\u1ecb l\u1ed7i ch\u01b0a \u0111\u01b0\u1ee3c, ta c\u1ee9 <a class=\"mh-excerpt-more\" href=\"https:\/\/trannghiait.com\/index.php\/bocaigcafev4\/473-2\/\" title=\"C\u00e1ch d\u00f9ng gcafe cho ti\u1ec7m net\">[&#8230;]<\/a><\/p>\n<\/div>","protected":false},"author":2,"featured_media":0,"parent":21,"menu_order":1,"comment_status":"closed","ping_status":"closed","template":"","meta":{"footnotes":""},"class_list":["post-473","page","type-page","status-publish","hentry"],"_links":{"self":[{"href":"https:\/\/trannghiait.com\/index.php\/wp-json\/wp\/v2\/pages\/473","targetHints":{"allow":["GET"]}}],"collection":[{"href":"https:\/\/trannghiait.com\/index.php\/wp-json\/wp\/v2\/pages"}],"about":[{"href":"https:\/\/trannghiait.com\/index.php\/wp-json\/wp\/v2\/types\/page"}],"author":[{"embeddable":true,"href":"https:\/\/trannghiait.com\/index.php\/wp-json\/wp\/v2\/users\/2"}],"replies":[{"embeddable":true,"href":"https:\/\/trannghiait.com\/index.php\/wp-json\/wp\/v2\/comments?post=473"}],"version-history":[{"count":3,"href":"https:\/\/trannghiait.com\/index.php\/wp-json\/wp\/v2\/pages\/473\/revisions"}],"predecessor-version":[{"id":659,"href":"https:\/\/trannghiait.com\/index.php\/wp-json\/wp\/v2\/pages\/473\/revisions\/659"}],"up":[{"embeddable":true,"href":"https:\/\/trannghiait.com\/index.php\/wp-json\/wp\/v2\/pages\/21"}],"wp:attachment":[{"href":"https:\/\/trannghiait.com\/index.php\/wp-json\/wp\/v2\/media?parent=473"}],"curies":[{"name":"wp","href":"https:\/\/api.w.org\/{rel}","templated":true}]}}