{"id":382,"date":"2022-12-08T09:33:39","date_gmt":"2022-12-08T02:33:39","guid":{"rendered":"https:\/\/trannghiait.com\/\/?page_id=382"},"modified":"2024-02-18T18:06:17","modified_gmt":"2024-02-18T11:06:17","slug":"huong-dan-doi-key-moi-gcafe-fo4","status":"publish","type":"page","link":"https:\/\/trannghiait.com\/index.php\/bocaigcafev4\/huong-dan-doi-key-moi-gcafe-fo4\/","title":{"rendered":"H\u01b0\u1edbng d\u1eabn \u0111\u1ed5i key m\u1edbi Gcafe Fo4"},"content":{"rendered":"\n<p class=\"has-medium-font-size\"><strong>C\u00f3 2 c\u00e1ch \u0111\u1ec3 s\u1eeda l\u1ed7i Gcafex:<\/strong><\/p>\n\n\n\n<p class=\"has-large-font-size\"><em><code><strong>C\u00e1ch 1: <\/strong><\/code><\/em><\/p>\n\n\n\n<p><strong>B1:<\/strong> Ch\u1ea1y <strong><em>ChangmacV4<\/em><\/strong> trong <strong><em>B\u1ed9 Gcafe B\u1ea3n V4<\/em><\/strong> b\u1eb1ng c\u00e1ch click chu\u1ed9t ph\u1ea3i v\u00e0o ch\u1ecdn <strong><em>Run as administrator<\/em><\/strong><\/p>\n\n\n\n<figure class=\"wp-block-image size-large is-resized\"><img fetchpriority=\"high\" decoding=\"async\" width=\"1024\" height=\"655\" src=\"https:\/\/trannghiait.com\/wp-content\/uploads\/2023\/03\/Screenshot-2023-03-22-094848-1024x655.png\" alt=\"\" class=\"wp-image-519\" style=\"width:840px;height:537px\" srcset=\"https:\/\/trannghiait.com\/wp-content\/uploads\/2023\/03\/Screenshot-2023-03-22-094848-1024x655.png 1024w, https:\/\/trannghiait.com\/wp-content\/uploads\/2023\/03\/Screenshot-2023-03-22-094848-300x192.png 300w, https:\/\/trannghiait.com\/wp-content\/uploads\/2023\/03\/Screenshot-2023-03-22-094848-768x491.png 768w, https:\/\/trannghiait.com\/wp-content\/uploads\/2023\/03\/Screenshot-2023-03-22-094848.png 1375w\" sizes=\"(max-width: 1024px) 100vw, 1024px\" \/><figcaption class=\"wp-element-caption\">Sau khi ch\u1ea1y <em><strong>ChangMacV4<\/strong><\/em> s\u1ebd <strong><em>m\u1ea5t k\u1ebft n\u1ed1i m\u1ea1ng<\/em><\/strong> t\u1ea7m <strong><em>5-10s<\/em><\/strong> r\u1ed3i <strong><em>c\u00f3<\/em><\/strong> m\u1ea1ng l\u1ea1i. <br>N\u1ebfu <strong><em>m\u1ea5t h\u1eb3n lu\u00f4n ch\u1edd ho\u00e0i m\u00e0 kh\u00f4ng l\u00ean th\u00ec b\u1eadt l\u1ea1i m\u1ea1ng b\u1eb1ng c\u00e1ch nh\u01b0 sau<\/em><\/strong>: G\u00f5 t\u1eeb kh\u00f3a &#8220;<strong><em>ncpa.cl<\/em><\/strong>&#8221; l\u00ean \u00f4 t\u00ecm ki\u1ebfm c\u1ee7a Window \u0111\u1ec3 v\u00e0o ph\u1ea7n c\u00e0i \u0111\u1eb7t m\u1ea1ng r\u1ed3i click chu\u1ed9t ph\u1ea3i v\u00f4 <strong><em>t\u1ea5t c\u1ea3<\/em><\/strong> m\u1ea1ng \u0111ang b\u1ecb t\u1eaft ch\u1ecdn &#8220;<strong><em>Enbale<\/em><\/strong>&#8221; \u0111\u1ec3 b\u1eadt m\u1ea1ng l\u00ean nh\u00e9.<\/figcaption><\/figure>\n\n\n<div class=\"wp-block-image\">\n<figure class=\"aligncenter size-large is-resized\"><img decoding=\"async\" width=\"941\" height=\"1024\" src=\"https:\/\/trannghiait.com\/wp-content\/uploads\/2023\/03\/Screenshot-2023-03-22-100140-941x1024.png\" alt=\"\" class=\"wp-image-520\" style=\"width:513px;height:559px\" srcset=\"https:\/\/trannghiait.com\/wp-content\/uploads\/2023\/03\/Screenshot-2023-03-22-100140-941x1024.png 941w, https:\/\/trannghiait.com\/wp-content\/uploads\/2023\/03\/Screenshot-2023-03-22-100140-276x300.png 276w, https:\/\/trannghiait.com\/wp-content\/uploads\/2023\/03\/Screenshot-2023-03-22-100140-768x835.png 768w, https:\/\/trannghiait.com\/wp-content\/uploads\/2023\/03\/Screenshot-2023-03-22-100140.png 1081w\" sizes=\"(max-width: 941px) 100vw, 941px\" \/><\/figure><\/div>\n\n\n<p><strong>B2:<\/strong> Ti\u1ebfp t\u1ee5c ch\u1ea1y <strong>Gcafex.exe<\/strong> trong b\u1ed9 c\u00e0i v4 \u0111\u1ec3 k\u00edch ho\u1ea1t key l\u00e0 xong nh\u00e9( <strong><em>\u0111\u0103ng nh\u1eadp-s\u1eed d\u1ee5ng-k\u00edch ho\u1ea1t<\/em><\/strong>). N\u1ebfu v\u1eabn ch\u01b0a \u0111\u01b0\u1ee3c th\u00ec <strong>ch\u1edd t\u1ea7m 1-3 ti\u1ebfng m\u00ecnh s\u1ebd \u00fap key m\u1edbi tr\u00ean m\u00e1y ch\u1ee7<\/strong> sau \u0111\u00f3 ti\u1ebfn h\u00e0nh <em><strong>t<\/strong><\/em><strong><em>h\u1eed l\u1ea1i<\/em><\/strong> nh\u00e9.<\/p>\n\n\n\n<figure class=\"wp-block-image size-large is-resized\"><img decoding=\"async\" width=\"1024\" height=\"580\" src=\"https:\/\/trannghiait.com\/wp-content\/uploads\/2023\/03\/Screenshot-2023-03-23-091951-1024x580.png\" alt=\"\" class=\"wp-image-526\" style=\"width:856px;height:484px\" srcset=\"https:\/\/trannghiait.com\/wp-content\/uploads\/2023\/03\/Screenshot-2023-03-23-091951-1024x580.png 1024w, https:\/\/trannghiait.com\/wp-content\/uploads\/2023\/03\/Screenshot-2023-03-23-091951-300x170.png 300w, https:\/\/trannghiait.com\/wp-content\/uploads\/2023\/03\/Screenshot-2023-03-23-091951-768x435.png 768w, https:\/\/trannghiait.com\/wp-content\/uploads\/2023\/03\/Screenshot-2023-03-23-091951.png 1366w\" sizes=\"(max-width: 1024px) 100vw, 1024px\" \/><\/figure>\n\n\n\n<p class=\"has-large-font-size\"><strong><em>C\u00e1ch 2:<\/em><\/strong><\/p>\n\n\n\n<p><strong>B1:<\/strong> Ch\u1ea1y <strong>Gcafex.exe<\/strong> trong b\u1ed9 c\u00e0i v4 nh\u00e9 (<strong><em>\u0111\u0103ng nh\u1eadp-s\u1eed d\u1ee5ng-k\u00edch ho\u1ea1t<\/em><\/strong>) nh\u01b0ng s\u1ebd ch\u01b0a k\u00edch ho\u1ea1t \u0111\u01b0\u1ee3c v\u00ec s\u1ebd th\u00f4ng b\u00e1o mac \u0111\u00e3 c\u0169 nh\u01b0 h\u00ecnh b\u00ean d\u01b0\u1edbi. C\u1ee9 b\u1ea5m <em><strong>&#8220;Yes&#8221;<\/strong><\/em> \u0111\u1ec3 \u0111\u1ed5i key m\u1edbi nh\u00e9. M\u00e1y s\u1ebd b\u1ecb m\u1ea5t m\u1ea1ng y nh\u01b0 <strong><em>b\u01b0\u1edbc 1 c\u1ee7a c\u00e1ch 1<\/em><\/strong> b\u00ean tr\u00ean.<\/p>\n\n\n\n<figure class=\"wp-block-image size-full is-resized is-style-default\"><img loading=\"lazy\" decoding=\"async\" width=\"684\" height=\"391\" src=\"https:\/\/trannghiait.com\/wp-content\/uploads\/2023\/03\/Screenshot-2023-03-23-094141.png\" alt=\"\" class=\"wp-image-540\" style=\"width:837px;height:478px\" srcset=\"https:\/\/trannghiait.com\/wp-content\/uploads\/2023\/03\/Screenshot-2023-03-23-094141.png 684w, https:\/\/trannghiait.com\/wp-content\/uploads\/2023\/03\/Screenshot-2023-03-23-094141-300x171.png 300w\" sizes=\"(max-width: 684px) 100vw, 684px\" \/><\/figure>\n\n\n\n<p><strong>B2:<\/strong> Ti\u1ebfp t\u1ee5c ch\u1ea1y l\u1ea1i <strong>Gcafex.exe<\/strong> \u0111\u1ec3 ch\u1ea1y l\u1ea1i key m\u1edbi nh\u00e9 (<strong><em>\u0111\u0103ng nh\u1eadp-s\u1eed d\u1ee5ng-k\u00edch ho\u1ea1t<\/em><\/strong>). N\u1ebfu ph\u1ea7n m\u1ec1m c\u00f3 b\u00e1o <strong><em>t\u00e0i kho\u1ea3n c\u00f3 ng\u01b0\u1eddi \u0111\u0103ng nh\u1eadp<\/em><\/strong> th\u00ec y\u00ean t\u00e2m c\u1ee9 b\u1ea5m <strong><em>OK<\/em><\/strong> xong b\u1ea5m <strong><em>tho\u00e1t Gcafex<\/em><\/strong> r\u1ed3i <strong>\u0111\u0103ng nh\u1eadp l\u1ea1i<\/strong> v\u00e0 <strong>ch\u1ea1y b\u00ecnh th\u01b0\u1eddng<\/strong> th\u00f4i. Do l\u00fac <strong><em>thay mac m\u1edbi \u0111\u00e3 ng\u1eaft k\u1ebft n\u1ed1i m\u1ea1ng<\/em><\/strong> d\u1eabn \u0111\u1ebfn <strong><em>t\u1eaft ngang Gcafex<\/em><\/strong> n\u00ean ph\u1ea7n m\u1ec1m <strong><em>l\u1ea7m<\/em><\/strong> l\u00e0 <strong><em>v\u1eabn c\u00f2n \u0111ang \u0111\u0103ng nh\u1eadp<\/em><\/strong>.<\/p>\n\n\n\n<figure class=\"wp-block-image size-full is-resized\"><img loading=\"lazy\" decoding=\"async\" width=\"483\" height=\"316\" src=\"https:\/\/trannghiait.com\/wp-content\/uploads\/2023\/03\/Screenshot-2023-03-23-095157.png\" alt=\"\" class=\"wp-image-544\" style=\"width:839px;height:549px\" srcset=\"https:\/\/trannghiait.com\/wp-content\/uploads\/2023\/03\/Screenshot-2023-03-23-095157.png 483w, https:\/\/trannghiait.com\/wp-content\/uploads\/2023\/03\/Screenshot-2023-03-23-095157-300x196.png 300w\" sizes=\"(max-width: 483px) 100vw, 483px\" \/><\/figure>\n\n\n\n<figure class=\"wp-block-image size-large\"><img loading=\"lazy\" decoding=\"async\" width=\"1024\" height=\"580\" src=\"https:\/\/trannghiait.com\/wp-content\/uploads\/2023\/03\/Screenshot-2023-03-23-091951-1024x580.png\" alt=\"\" class=\"wp-image-526\" srcset=\"https:\/\/trannghiait.com\/wp-content\/uploads\/2023\/03\/Screenshot-2023-03-23-091951-1024x580.png 1024w, https:\/\/trannghiait.com\/wp-content\/uploads\/2023\/03\/Screenshot-2023-03-23-091951-300x170.png 300w, https:\/\/trannghiait.com\/wp-content\/uploads\/2023\/03\/Screenshot-2023-03-23-091951-768x435.png 768w, https:\/\/trannghiait.com\/wp-content\/uploads\/2023\/03\/Screenshot-2023-03-23-091951.png 1366w\" sizes=\"(max-width: 1024px) 100vw, 1024px\" \/><\/figure>\n\n\n\n<blockquote class=\"wp-block-quote is-layout-flow wp-block-quote-is-layout-flow\">\n<p class=\"has-large-font-size\">C\u1ea3m \u01a1n \u0111\u00e3 xem!<\/p>\n<\/blockquote>\n\n\n<ul class=\"wp-block-latest-posts__list is-grid columns-4 wp-block-latest-posts\"><li><div class=\"wp-block-latest-posts__featured-image\"><img loading=\"lazy\" decoding=\"async\" width=\"150\" height=\"150\" src=\"https:\/\/trannghiait.com\/wp-content\/uploads\/2025\/08\/image-150x150.png\" class=\"attachment-thumbnail size-thumbnail wp-post-image\" alt=\"\" style=\"\" \/><\/div><a class=\"wp-block-latest-posts__post-title\" href=\"https:\/\/trannghiait.com\/index.php\/2025\/08\/08\/so-sanh-cac-phien-ban-chatgpt-gpt-4-gpt-4-1-gpt-4o-gpt-4-1-mini-dau-la-lua-chon-tot-nhat\/\">So S\u00e1nh C\u00e1c Phi\u00ean B\u1ea3n ChatGPT: GPT-4, GPT-4.1, GPT-4o, GPT-4.1 Mini \u2013 \u0110\u00e2u L\u00e0 L\u1ef1a Ch\u1ecdn T\u1ed1t Nh\u1ea5t?<\/a><\/li>\n<li><div class=\"wp-block-latest-posts__featured-image\"><img loading=\"lazy\" decoding=\"async\" width=\"150\" height=\"150\" src=\"https:\/\/trannghiait.com\/wp-content\/uploads\/2025\/02\/Pi-Network-binance.jpeg-150x150.webp\" class=\"attachment-thumbnail size-thumbnail wp-post-image\" alt=\"\" style=\"\" \/><\/div><a class=\"wp-block-latest-posts__post-title\" href=\"https:\/\/trannghiait.com\/index.php\/2025\/02\/22\/pi-network-co-that-su-tot-nhu-cach-moi-nguoi-hay-noi-voi-toi\/\">Pi Network: C\u00f3 th\u1eadt s\u1ef1 t\u1ed1t nh\u01b0 c\u00e1ch m\u1ecdi ng\u01b0\u1eddi hay n\u00f3i v\u1edbi t\u00f4i?<\/a><\/li>\n<li><div class=\"wp-block-latest-posts__featured-image\"><img loading=\"lazy\" decoding=\"async\" width=\"150\" height=\"150\" src=\"https:\/\/trannghiait.com\/wp-content\/uploads\/2025\/01\/images-150x150.jpg\" class=\"attachment-thumbnail size-thumbnail wp-post-image\" alt=\"\" style=\"\" \/><\/div><a class=\"wp-block-latest-posts__post-title\" href=\"https:\/\/trannghiait.com\/index.php\/2025\/01\/31\/deepseek-buoc-tien-moi-trong-cuoc-dua-tri-tue-nhan-tao-toan-cau\/\">DeepSeek: B\u01b0\u1edbc Ti\u1ebfn M\u1edbi Trong Cu\u1ed9c \u0110ua Tr\u00ed Tu\u1ec7 Nh\u00e2n T\u1ea1o To\u00e0n C\u1ea7u<\/a><\/li>\n<li><div class=\"wp-block-latest-posts__featured-image\"><img loading=\"lazy\" decoding=\"async\" width=\"150\" height=\"150\" src=\"https:\/\/trannghiait.com\/wp-content\/uploads\/2025\/01\/Capture-150x150.png\" class=\"attachment-thumbnail size-thumbnail wp-post-image\" alt=\"\" style=\"\" \/><\/div><a class=\"wp-block-latest-posts__post-title\" href=\"https:\/\/trannghiait.com\/index.php\/2025\/01\/04\/loi-no-module-named-moviepy-editor-khi-cai-dat-thu-vien-tren-python\/\">L\u1ed7i No module named &#8216;moviepy.editor&#8217; khi c\u00e0i \u0111\u1eb7t th\u01b0 vi\u1ec7n tr\u00ean Python<\/a><\/li>\n<li><div class=\"wp-block-latest-posts__featured-image\"><img loading=\"lazy\" decoding=\"async\" width=\"150\" height=\"150\" src=\"https:\/\/trannghiait.com\/wp-content\/uploads\/2025\/01\/image-150x150.png\" class=\"attachment-thumbnail size-thumbnail wp-post-image\" alt=\"\" style=\"\" \/><\/div><a class=\"wp-block-latest-posts__post-title\" href=\"https:\/\/trannghiait.com\/index.php\/2025\/01\/04\/huong-dan-chi-tiet-cach-tao-shortcut-tap-tin-tren-windows-va-loi-ich-su-dung\/\">H\u01b0\u1edbng D\u1eabn Chi Ti\u1ebft: C\u00e1ch T\u1ea1o Shortcut T\u1eadp Tin tr\u00ean Windows 10\/11 v\u00e0 L\u1ee3i \u00cdch S\u1eed D\u1ee5ng<\/a><\/li>\n<li><div class=\"wp-block-latest-posts__featured-image\"><img loading=\"lazy\" decoding=\"async\" width=\"150\" height=\"150\" src=\"https:\/\/trannghiait.com\/wp-content\/uploads\/2024\/12\/image-11-150x150.png\" class=\"attachment-thumbnail size-thumbnail wp-post-image\" alt=\"\" style=\"\" \/><\/div><a class=\"wp-block-latest-posts__post-title\" href=\"https:\/\/trannghiait.com\/index.php\/2024\/12\/26\/huong-dan-xac-thuc-so-dien-thoai-cccd-cho-tai-khoan-facebook-chi-tiet\/\">H\u01af\u1edaNG D\u1eaaN X\u00c1C TH\u1ef0C S\u1ed0 \u0110I\u1ec6N THO\u1ea0I\/CCCD CHO T\u00c0I KHO\u1ea2N FACEBOOK CHI TI\u1ebeT<\/a><\/li>\n<li><div class=\"wp-block-latest-posts__featured-image\"><img loading=\"lazy\" decoding=\"async\" width=\"150\" height=\"150\" src=\"https:\/\/trannghiait.com\/wp-content\/uploads\/2023\/08\/Microsoft_Office_Excel_2019\u2013present.svg_-150x150.png\" class=\"attachment-thumbnail size-thumbnail wp-post-image\" alt=\"\" style=\"\" \/><\/div><a class=\"wp-block-latest-posts__post-title\" href=\"https:\/\/trannghiait.com\/index.php\/2024\/12\/24\/cach-chuyen-gia-tri-co-dinh-dang-ngay-thang-nam-sang-dinh-dang-text-khong-bi-thay-doi-gia-tri\/\">C\u00e1ch chuy\u1ec3n gi\u00e1 tr\u1ecb c\u00f3 \u0111\u1ecbnh d\u1ea1ng ng\u00e0y th\u00e1ng n\u0103m sang \u0111\u1ecbnh d\u1ea1ng TEXT kh\u00f4ng b\u1ecb thay \u0111\u1ed5i gi\u00e1 tr\u1ecb<\/a><\/li>\n<li><div class=\"wp-block-latest-posts__featured-image\"><img loading=\"lazy\" decoding=\"async\" width=\"150\" height=\"150\" src=\"https:\/\/trannghiait.com\/wp-content\/uploads\/2024\/11\/hoi-150x150.jpg\" class=\"attachment-thumbnail size-thumbnail wp-post-image\" alt=\"\" style=\"\" \/><\/div><a class=\"wp-block-latest-posts__post-title\" href=\"https:\/\/trannghiait.com\/index.php\/2024\/11\/26\/nguy-co-hoi-tu-viec-nho-toc-bac\/\">Nguy c\u01a1 &#8220;H\u00f3i&#8221; t\u1eeb vi\u1ec7c nh\u1ed5 t\u00f3c b\u1ea1c<\/a><\/li>\n<\/ul>","protected":false},"excerpt":{"rendered":"<div class=\"mh-excerpt\"><p>C\u00f3 2 c\u00e1ch \u0111\u1ec3 s\u1eeda l\u1ed7i Gcafex: C\u00e1ch 1: B1: Ch\u1ea1y ChangmacV4 trong B\u1ed9 Gcafe B\u1ea3n V4 b\u1eb1ng c\u00e1ch click chu\u1ed9t ph\u1ea3i v\u00e0o ch\u1ecdn Run <a class=\"mh-excerpt-more\" href=\"https:\/\/trannghiait.com\/index.php\/bocaigcafev4\/huong-dan-doi-key-moi-gcafe-fo4\/\" title=\"H\u01b0\u1edbng d\u1eabn \u0111\u1ed5i key m\u1edbi Gcafe Fo4\">[&#8230;]<\/a><\/p>\n<\/div>","protected":false},"author":2,"featured_media":525,"parent":21,"menu_order":0,"comment_status":"open","ping_status":"closed","template":"","meta":{"footnotes":""},"class_list":["post-382","page","type-page","status-publish","has-post-thumbnail","hentry"],"_links":{"self":[{"href":"https:\/\/trannghiait.com\/index.php\/wp-json\/wp\/v2\/pages\/382","targetHints":{"allow":["GET"]}}],"collection":[{"href":"https:\/\/trannghiait.com\/index.php\/wp-json\/wp\/v2\/pages"}],"about":[{"href":"https:\/\/trannghiait.com\/index.php\/wp-json\/wp\/v2\/types\/page"}],"author":[{"embeddable":true,"href":"https:\/\/trannghiait.com\/index.php\/wp-json\/wp\/v2\/users\/2"}],"replies":[{"embeddable":true,"href":"https:\/\/trannghiait.com\/index.php\/wp-json\/wp\/v2\/comments?post=382"}],"version-history":[{"count":29,"href":"https:\/\/trannghiait.com\/index.php\/wp-json\/wp\/v2\/pages\/382\/revisions"}],"predecessor-version":[{"id":1984,"href":"https:\/\/trannghiait.com\/index.php\/wp-json\/wp\/v2\/pages\/382\/revisions\/1984"}],"up":[{"embeddable":true,"href":"https:\/\/trannghiait.com\/index.php\/wp-json\/wp\/v2\/pages\/21"}],"wp:featuredmedia":[{"embeddable":true,"href":"https:\/\/trannghiait.com\/index.php\/wp-json\/wp\/v2\/media\/525"}],"wp:attachment":[{"href":"https:\/\/trannghiait.com\/index.php\/wp-json\/wp\/v2\/media?parent=382"}],"curies":[{"name":"wp","href":"https:\/\/api.w.org\/{rel}","templated":true}]}}