{"id":274,"date":"2022-09-06T00:41:32","date_gmt":"2022-09-05T17:41:32","guid":{"rendered":"https:\/\/trannghiait.com\/\/?page_id=274"},"modified":"2022-12-10T21:36:46","modified_gmt":"2022-12-10T14:36:46","slug":"tao-network-bridge-gcafe-fo4-mang-wifi-cho-win-10-11","status":"publish","type":"page","link":"https:\/\/trannghiait.com\/index.php\/bocaigcafev4\/tao-network-bridge-gcafe-fo4-mang-wifi-cho-win-10-11\/","title":{"rendered":"T\u1ea1o Network Bridge Gcafe FO4"},"content":{"rendered":"\n<p>B\u01b0\u1edbc 1: S\u1eed d\u1ee5ng l\u1ec7nh m\u1edf <em>Network Connections<\/em><\/p>\n\n\n\n<ul class=\"wp-block-list\"><li>G\u00f5 <strong>Run<\/strong> l\u00ean \u00f4 t\u00ecm ki\u1ebfm c\u1ee7a Window (ho\u1eb7c d\u00f9ng nh\u1ea5n t\u1ed5 h\u1ee3p ph\u00edm&nbsp;<strong>Windows + R<\/strong>)&nbsp;<\/li><li>Nh\u1eadp t\u1eeb kh\u00f3a&nbsp;<strong>ncpa.cpl<\/strong><\/li><\/ul>\n\n\n\n<figure class=\"wp-block-image size-full is-resized\"><img fetchpriority=\"high\" decoding=\"async\" src=\"https:\/\/trannghiait.com\/\/wp-content\/uploads\/2022\/09\/image-10.png\" alt=\"\" class=\"wp-image-275\" width=\"820\" height=\"680\" srcset=\"https:\/\/trannghiait.com\/wp-content\/uploads\/2022\/09\/image-10.png 820w, https:\/\/trannghiait.com\/wp-content\/uploads\/2022\/09\/image-10-300x249.png 300w, https:\/\/trannghiait.com\/wp-content\/uploads\/2022\/09\/image-10-768x637.png 768w\" sizes=\"(max-width: 820px) 100vw, 820px\" \/><\/figure>\n\n\n\n<figure class=\"wp-block-image\"><img decoding=\"async\" src=\"https:\/\/st.quantrimang.com\/photos\/image\/2018\/08\/17\/Networks-Connections-Windows-10-lenh.jpg\" alt=\"Nh\u1eadp l\u1ec7nh tr\u00ean h\u1ed9p tho\u1ea1i Run \"\/><\/figure>\n\n\n\n<p>B\u01b0\u1edbc 2: Click <strong>c\u00f9ng l\u00fac 2 m\u1ea1ng c\u1ea7n g\u1ed9p<\/strong> (wifi + m\u1ea1ng b\u1ea5t k\u00ec) r\u1ed3i click<strong> chu\u1ed9t ph\u1ea3i<\/strong> ch\u1ecdn <strong>Bridge Connections<\/strong><\/p>\n\n\n\n<figure class=\"wp-block-image size-large\"><img decoding=\"async\" width=\"1024\" height=\"550\" src=\"https:\/\/trannghiait.com\/\/wp-content\/uploads\/2022\/09\/image-12-1024x550.png\" alt=\"\" class=\"wp-image-277\" srcset=\"https:\/\/trannghiait.com\/wp-content\/uploads\/2022\/09\/image-12-1024x550.png 1024w, https:\/\/trannghiait.com\/wp-content\/uploads\/2022\/09\/image-12-300x161.png 300w, https:\/\/trannghiait.com\/wp-content\/uploads\/2022\/09\/image-12-768x413.png 768w, https:\/\/trannghiait.com\/wp-content\/uploads\/2022\/09\/image-12.png 1178w\" sizes=\"(max-width: 1024px) 100vw, 1024px\" \/><\/figure>\n\n\n\n<p>B\u01b0\u1edbc 3: Sau khi \u0111\u00e3 c\u00f3 \u0111\u01b0\u1ee3c <strong>Network Bridge<\/strong> th\u00ec ta ti\u1ebfp t\u1ee5c click <strong>chu\u1ed9t ph\u1ea3i<\/strong> v\u00e0o n\u00f3, sau \u0111\u00f3 ch\u1ecdn d\u00f2ng cu\u1ed1i c\u00f9ng l\u00e0 <strong>Properties<\/strong><\/p>\n\n\n\n<figure class=\"wp-block-image size-large\"><img decoding=\"async\" width=\"1024\" height=\"583\" src=\"https:\/\/trannghiait.com\/\/wp-content\/uploads\/2022\/09\/Capture-1024x583.png\" alt=\"\" class=\"wp-image-278\" srcset=\"https:\/\/trannghiait.com\/wp-content\/uploads\/2022\/09\/Capture-1024x583.png 1024w, https:\/\/trannghiait.com\/wp-content\/uploads\/2022\/09\/Capture-300x171.png 300w, https:\/\/trannghiait.com\/wp-content\/uploads\/2022\/09\/Capture-768x437.png 768w, https:\/\/trannghiait.com\/wp-content\/uploads\/2022\/09\/Capture.png 1111w\" sizes=\"(max-width: 1024px) 100vw, 1024px\" \/><\/figure>\n\n\n\n<p>B\u01b0\u1edbc 4: <\/p>\n\n\n\n<ul class=\"wp-block-list\"><li>N\u1ebfu ch\u00fang ta s\u00e0i <strong>c\u1ea3 wifi v\u00e0 m\u1ea1ng d\u00e2y<\/strong> th\u00ec t\u00edch 2 c\u00e1i l\u00e0 <strong><em>Ethernet v\u00e0 Wifi<\/em><\/strong> <\/li><\/ul>\n\n\n\n<ul class=\"wp-block-list\"><li>C\u00f2n n\u1ebfu ch\u1ec9 s\u00e0i<strong> wifi <\/strong>th\u00ec <strong><em>ch\u1ec9<\/em> <em>t\u00edch Wifi<\/em><\/strong> (b\u1ecf t\u00edch nh\u1eefng c\u00e1i c\u00f2n l\u1ea1i)<\/li><\/ul>\n\n\n\n<figure class=\"wp-block-image size-full\"><img loading=\"lazy\" decoding=\"async\" width=\"832\" height=\"620\" src=\"https:\/\/trannghiait.com\/\/wp-content\/uploads\/2022\/09\/image-13.png\" alt=\"\" class=\"wp-image-280\" srcset=\"https:\/\/trannghiait.com\/wp-content\/uploads\/2022\/09\/image-13.png 832w, https:\/\/trannghiait.com\/wp-content\/uploads\/2022\/09\/image-13-300x224.png 300w, https:\/\/trannghiait.com\/wp-content\/uploads\/2022\/09\/image-13-768x572.png 768w, https:\/\/trannghiait.com\/wp-content\/uploads\/2022\/09\/image-13-80x60.png 80w\" sizes=\"(max-width: 832px) 100vw, 832px\" \/><\/figure>\n\n\n\n<p>Th\u1ebf l\u00e0 xong ch\u1edd t\u1ea7m v\u00e0i ph\u00fat khi c\u00f3 m\u1ea1ng l\u1ea1i l\u00e0 ch\u00fang ta \u0111\u00e3 c\u00f3 \u0111\u01b0\u1ee3c <strong>Network Bridge<\/strong><\/p>\n\n\n\n<p>*<em>L\u01b0u \u00fd<\/em>: n\u1ebfu mu\u1ed1n <strong>x\u00f3a Network Bridge<\/strong> th\u00ec ta ch\u1ec9 vi\u1ec7c click <strong>chu\u1ed9t ph\u1ea3i<\/strong> v\u00e0o r\u1ed3i ch\u1ecdn <strong>delete<\/strong>.<\/p>\n\n\n\n<figure class=\"wp-block-image size-full\"><img loading=\"lazy\" decoding=\"async\" width=\"381\" height=\"340\" src=\"https:\/\/trannghiait.com\/\/wp-content\/uploads\/2022\/09\/image-14.png\" alt=\"\" class=\"wp-image-281\" srcset=\"https:\/\/trannghiait.com\/wp-content\/uploads\/2022\/09\/image-14.png 381w, https:\/\/trannghiait.com\/wp-content\/uploads\/2022\/09\/image-14-300x268.png 300w\" sizes=\"(max-width: 381px) 100vw, 381px\" \/><\/figure>\n","protected":false},"excerpt":{"rendered":"<div class=\"mh-excerpt\"><p>B\u01b0\u1edbc 1: S\u1eed d\u1ee5ng l\u1ec7nh m\u1edf Network Connections G\u00f5 Run l\u00ean \u00f4 t\u00ecm ki\u1ebfm c\u1ee7a Window (ho\u1eb7c d\u00f9ng nh\u1ea5n t\u1ed5 h\u1ee3p ph\u00edm&nbsp;Windows + R)&nbsp; Nh\u1eadp <a class=\"mh-excerpt-more\" href=\"https:\/\/trannghiait.com\/index.php\/bocaigcafev4\/tao-network-bridge-gcafe-fo4-mang-wifi-cho-win-10-11\/\" title=\"T\u1ea1o Network Bridge Gcafe FO4\">[&#8230;]<\/a><\/p>\n<\/div>","protected":false},"author":1,"featured_media":281,"parent":21,"menu_order":1,"comment_status":"closed","ping_status":"closed","template":"","meta":{"footnotes":""},"class_list":["post-274","page","type-page","status-publish","has-post-thumbnail","hentry"],"_links":{"self":[{"href":"https:\/\/trannghiait.com\/index.php\/wp-json\/wp\/v2\/pages\/274","targetHints":{"allow":["GET"]}}],"collection":[{"href":"https:\/\/trannghiait.com\/index.php\/wp-json\/wp\/v2\/pages"}],"about":[{"href":"https:\/\/trannghiait.com\/index.php\/wp-json\/wp\/v2\/types\/page"}],"author":[{"embeddable":true,"href":"https:\/\/trannghiait.com\/index.php\/wp-json\/wp\/v2\/users\/1"}],"replies":[{"embeddable":true,"href":"https:\/\/trannghiait.com\/index.php\/wp-json\/wp\/v2\/comments?post=274"}],"version-history":[{"count":4,"href":"https:\/\/trannghiait.com\/index.php\/wp-json\/wp\/v2\/pages\/274\/revisions"}],"predecessor-version":[{"id":418,"href":"https:\/\/trannghiait.com\/index.php\/wp-json\/wp\/v2\/pages\/274\/revisions\/418"}],"up":[{"embeddable":true,"href":"https:\/\/trannghiait.com\/index.php\/wp-json\/wp\/v2\/pages\/21"}],"wp:featuredmedia":[{"embeddable":true,"href":"https:\/\/trannghiait.com\/index.php\/wp-json\/wp\/v2\/media\/281"}],"wp:attachment":[{"href":"https:\/\/trannghiait.com\/index.php\/wp-json\/wp\/v2\/media?parent=274"}],"curies":[{"name":"wp","href":"https:\/\/api.w.org\/{rel}","templated":true}]}}