{"id":134,"date":"2022-03-20T21:12:53","date_gmt":"2022-03-20T14:12:53","guid":{"rendered":"http:\/\/blog.trannghiait.com\/?page_id=134"},"modified":"2025-02-13T01:22:30","modified_gmt":"2025-02-12T18:22:30","slug":"gcafe-free-mien-phi","status":"publish","type":"page","link":"https:\/\/trannghiait.com\/index.php\/gcafe-free-mien-phi\/","title":{"rendered":"Gcafe (mi\u1ec5n ph\u00ed)"},"content":{"rendered":"\n<div id=\"ez-toc-container\" class=\"ez-toc-v2_0_64 counter-hierarchy ez-toc-counter ez-toc-light-blue ez-toc-container-direction\">\n<div class=\"ez-toc-title-container\">\n<p class=\"ez-toc-title \" >M\u1ee5c l\u1ee5c<\/p>\n<span class=\"ez-toc-title-toggle\"><a href=\"#\" class=\"ez-toc-pull-right ez-toc-btn ez-toc-btn-xs ez-toc-btn-default ez-toc-toggle\" aria-label=\"Toggle Table of Content\"><span class=\"ez-toc-js-icon-con\"><span class=\"\"><span class=\"eztoc-hide\" style=\"display:none;\">Toggle<\/span><span class=\"ez-toc-icon-toggle-span\"><svg style=\"fill: #999;color:#999\" xmlns=\"http:\/\/www.w3.org\/2000\/svg\" class=\"list-377408\" width=\"20px\" height=\"20px\" viewBox=\"0 0 24 24\" fill=\"none\"><path d=\"M6 6H4v2h2V6zm14 0H8v2h12V6zM4 11h2v2H4v-2zm16 0H8v2h12v-2zM4 16h2v2H4v-2zm16 0H8v2h12v-2z\" fill=\"currentColor\"><\/path><\/svg><svg style=\"fill: #999;color:#999\" class=\"arrow-unsorted-368013\" xmlns=\"http:\/\/www.w3.org\/2000\/svg\" width=\"10px\" height=\"10px\" viewBox=\"0 0 24 24\" version=\"1.2\" baseProfile=\"tiny\"><path d=\"M18.2 9.3l-6.2-6.3-6.2 6.3c-.2.2-.3.4-.3.7s.1.5.3.7c.2.2.4.3.7.3h11c.3 0 .5-.1.7-.3.2-.2.3-.5.3-.7s-.1-.5-.3-.7zM5.8 14.7l6.2 6.3 6.2-6.3c.2-.2.3-.5.3-.7s-.1-.5-.3-.7c-.2-.2-.4-.3-.7-.3h-11c-.3 0-.5.1-.7.3-.2.2-.3.5-.3.7s.1.5.3.7z\"\/><\/svg><\/span><\/span><\/span><\/a><\/span><\/div>\n<nav><ul class='ez-toc-list ez-toc-list-level-1 ' ><li class='ez-toc-page-1 ez-toc-heading-level-2'><a class=\"ez-toc-link ez-toc-heading-1\" href=\"https:\/\/trannghiait.com\/index.php\/gcafe-free-mien-phi\/#Gcafe_la_gi\" title=\"Gcafe l\u00e0 g\u00ec?\">Gcafe l\u00e0 g\u00ec?<\/a><\/li><li class='ez-toc-page-1 ez-toc-heading-level-2'><a class=\"ez-toc-link ez-toc-heading-2\" href=\"https:\/\/trannghiait.com\/index.php\/gcafe-free-mien-phi\/#Gcafe_mien_phi_la_gi\" title=\"Gcafe mi\u1ec5n ph\u00ed l\u00e0 g\u00ec?\">Gcafe mi\u1ec5n ph\u00ed l\u00e0 g\u00ec?<\/a><\/li><li class='ez-toc-page-1 ez-toc-heading-level-2'><a class=\"ez-toc-link ez-toc-heading-3\" href=\"https:\/\/trannghiait.com\/index.php\/gcafe-free-mien-phi\/#Cach_lay_key_gcafe_mien_phi\" title=\"C\u00e1ch l\u1ea5y key gcafe mi\u1ec5n ph\u00ed?\">C\u00e1ch l\u1ea5y key gcafe mi\u1ec5n ph\u00ed?<\/a><\/li><li class='ez-toc-page-1 ez-toc-heading-level-2'><a class=\"ez-toc-link ez-toc-heading-4\" href=\"https:\/\/trannghiait.com\/index.php\/gcafe-free-mien-phi\/#Cach_tai\" title=\"C\u00e1ch t\u1ea3i \">C\u00e1ch t\u1ea3i <\/a><\/li><li class='ez-toc-page-1 ez-toc-heading-level-2'><a class=\"ez-toc-link ez-toc-heading-5\" href=\"https:\/\/trannghiait.com\/index.php\/gcafe-free-mien-phi\/#Link_youtube_huong_dan\" title=\"Link youtube h\u01b0\u1edbng d\u1eabn:\">Link youtube h\u01b0\u1edbng d\u1eabn:<\/a><\/li><li class='ez-toc-page-1 ez-toc-heading-level-2'><a class=\"ez-toc-link ez-toc-heading-6\" href=\"https:\/\/trannghiait.com\/index.php\/gcafe-free-mien-phi\/#Donate_me_ung_ho_toi\" title=\"Donate me (\u1ee7ng h\u1ed9 t\u00f4i):\">Donate me (\u1ee7ng h\u1ed9 t\u00f4i):<\/a><\/li><\/ul><\/nav><\/div>\n<h2 class=\"wp-block-heading has-large-font-size\"><span class=\"ez-toc-section\" id=\"Gcafe_la_gi\"><\/span>Gcafe l\u00e0 g\u00ec?<span class=\"ez-toc-section-end\"><\/span><\/h2>\n\n\n\n<p>Gcafe l\u00e0 t\u00ednh n\u0103ng c\u1ee7a game FIFA ONLINE 4 hi\u1ec7n nay \u0111\u00e3 \u0111\u1ed5i t\u00ean th\u00e0nh FC Online, m\u1ee5c \u0111\u00edch n\u00f3 mang l\u1ea1i l\u00e0 r\u1ea5t nhi\u1ec1u qu\u00e0 v\u00e0 ph\u1ea7n th\u01b0\u1edfng h\u1ea5p d\u1eabn cho anh em c\u00e0y chay. Xem chi ti\u1ebft qu\u00e1 <a href=\"https:\/\/trannghiait.com\/index.php\/2023\/08\/27\/gcafe-la-gi-cach-tai-cai-dat-gcafe-gcafe-mo-duoc-icon-trong-fifa-online-4-khong\/\" data-type=\"link\" data-id=\"https:\/\/trannghiait.com\/index.php\/2023\/08\/27\/gcafe-la-gi-cach-tai-cai-dat-gcafe-gcafe-mo-duoc-icon-trong-fifa-online-4-khong\/\">b\u00e0i vi\u1ebft n\u00e0y<\/a><\/p>\n\n\n\n<h2 class=\"wp-block-heading has-large-font-size\"><span class=\"ez-toc-section\" id=\"Gcafe_mien_phi_la_gi\"><\/span>Gcafe mi\u1ec5n ph\u00ed l\u00e0 g\u00ec?<span class=\"ez-toc-section-end\"><\/span><\/h2>\n\n\n\n<blockquote class=\"wp-block-quote is-layout-flow wp-block-quote-is-layout-flow\">\n<p>Qua th\u1eddi gian t\u00ecm hi\u1ec3u t\u00f4i ph\u00e1t hi\u1ec7n r\u1ea5t nhi\u1ec1u ae c\u00f9ng \u0111am m\u00ea game FIFA ONLINE 4 nay l\u00e0 game FC ONLINE t\u00f4i \u0111\u00e3 ph\u00e1t tri\u1ec3n ra b\u1ea3n gcafe mi\u1ec5n ph\u00ed d\u00e0nh cho t\u1ea5t c\u1ea3 m\u1ecdi ng\u01b0\u1eddi c\u00f3 nhu c\u1ea7u ch\u01a1i nh\u01b0ng ch\u01b0a \u0111\u1ee7 v\u1ec1 m\u1eb7t kinh ph\u00ed!<\/p>\n<cite>\u0110\u00e2y l\u00e0 b\u1ea3n gcafe mi\u1ec5n ph\u00ed m\u00e0 t\u00f4i kh\u00f4ng thu b\u1ea5t k\u1ef3 l\u1ee3i nhu\u1eadn n\u00e0o \u0111\u1ec3 cho c\u00e1c b\u1ea1n c\u00f3 th\u1ec3 tr\u1ea3i nghi\u1ec7m v\u00e0 s\u1eed d\u1ee5ng n\u00f3!<\/cite><\/blockquote>\n\n\n\n<hr class=\"wp-block-separator has-css-opacity\"\/>\n\n\n<div class=\"wp-block-post-date\"><time datetime=\"2022-03-20T21:12:53+07:00\">20 Th\u00e1ng 3, 2022<\/time><\/div>\n\n\n<h2 class=\"wp-block-heading has-large-font-size\"><span class=\"ez-toc-section\" id=\"Cach_lay_key_gcafe_mien_phi\"><\/span>C\u00e1ch l\u1ea5y key gcafe mi\u1ec5n ph\u00ed?<span class=\"ez-toc-section-end\"><\/span><\/h2>\n\n\n\n<p class=\"has-medium-font-size\">L\u1ea5y key b\u1eb1ng c\u00e1ch v\u00e0o group nh\u00e9:<\/p>\n\n\n\n<p class=\"has-large-font-size\">Link t\u1ea3i ph\u1ea7n m\u1ec1m wifi v\u00e0 d\u00e2y:<\/p>\n\n\n\n<div class=\"wp-block-file\"><a id=\"wp-block-file--media-352508ba-9510-4f27-9339-69e6b1922107\" href=\"https:\/\/trannghiait.com\/wp-content\/uploads\/2025\/02\/Gcafe-Free.zip\" target=\"_blank\" rel=\"noreferrer noopener\">Gcafe Free<\/a><a href=\"https:\/\/trannghiait.com\/wp-content\/uploads\/2025\/02\/Gcafe-Free.zip\" class=\"wp-block-file__button wp-element-button\" download aria-describedby=\"wp-block-file--media-352508ba-9510-4f27-9339-69e6b1922107\">T\u1ea3i xu\u1ed1ng<\/a><\/div>\n\n\n\n<p class=\"has-large-font-size\">Group h\u1ed7 tr\u1ee3 gcafe free: <a rel=\"noreferrer noopener\" href=\"https:\/\/www.facebook.com\/groups\/httpgcafefo4.pe.hu\" target=\"_blank\">Click v\u00e0o \u0111\u00e2y<\/a> <\/p>\n\n\n\n<h2 class=\"wp-block-heading has-large-font-size\"><span class=\"ez-toc-section\" id=\"Cach_tai\"><\/span>C\u00e1ch t\u1ea3i <span class=\"ez-toc-section-end\"><\/span><\/h2>\n\n\n\n<p class=\"has-medium-font-size\"><strong>B\u01b0\u1edbc 1: t\u1ea3i ph\u1ea7n m\u1ec1m v\u00e0 gi\u1ea3i n\u00e9n s\u1ebd \u0111\u01b0\u1ee3c 3 file nh\u01b0 n\u00e0y.<\/strong><\/p>\n\n\n\n<figure class=\"wp-block-image size-full is-resized\"><img fetchpriority=\"high\" decoding=\"async\" width=\"557\" height=\"303\" src=\"https:\/\/trannghiait.com\/wp-content\/uploads\/2023\/03\/Capture.png\" alt=\"\" class=\"wp-image-551\" style=\"width:841px;height:457px\" srcset=\"https:\/\/trannghiait.com\/wp-content\/uploads\/2023\/03\/Capture.png 557w, https:\/\/trannghiait.com\/wp-content\/uploads\/2023\/03\/Capture-300x163.png 300w\" sizes=\"(max-width: 557px) 100vw, 557px\" \/><\/figure>\n\n\n\n<p class=\"has-medium-font-size\"><strong>B\u01b0\u1edbc 2: Thay \u0111\u1ed5i \u0111\u1ecba ch\u1ec9 mac c\u1ee7a m\u00e1y b\u1eb1ng ph\u1ea7n m\u1ec1m Macspoof.exe th\u00e0nh mac \u0111\u01b0\u1ee3c l\u1ea5y trong group <\/strong><a href=\"https:\/\/www.facebook.com\/groups\/httpgcafefo4.pe.hu\/\" target=\"_blank\" rel=\"noreferrer noopener\">Group h\u01b0\u1edbng d\u1eabn mi\u1ec5n ph\u00ed<\/a><strong>. M\u1edf b\u1eb1ng quy\u1ec1n Run as administrator nh\u00e9. (Wifi v\u00e0 m\u1ea1ng d\u00e2y)<\/strong><\/p>\n\n\n\n<p class=\"has-large-font-size\">Link t\u1ea3i Macspoof.exe :&nbsp;<a href=\"https:\/\/drive.google.com\/file\/d\/1voXxFiaIoOuj16A78nnABPLnYFsWn11_\/view?usp=sharing&amp;fbclid=IwAR00nDsobaHAWbB97AqLLmZ4bVBG_RLhNMZxSk0HZ2KTTFSDe6S8QTQUYXo\" target=\"_blank\" rel=\"noreferrer noopener\">Click v\u00e0o \u0111\u00e2y<\/a><\/p>\n\n\n\n<figure class=\"wp-block-image size-full is-resized\"><img decoding=\"async\" width=\"651\" height=\"412\" src=\"https:\/\/trannghiait.com\/wp-content\/uploads\/2023\/03\/1.png\" alt=\"\" class=\"wp-image-553\" style=\"width:842px;height:533px\" srcset=\"https:\/\/trannghiait.com\/wp-content\/uploads\/2023\/03\/1.png 651w, https:\/\/trannghiait.com\/wp-content\/uploads\/2023\/03\/1-300x190.png 300w\" sizes=\"(max-width: 651px) 100vw, 651px\" \/><\/figure>\n\n\n\n<figure class=\"wp-block-image size-full\"><img decoding=\"async\" width=\"841\" height=\"611\" src=\"https:\/\/trannghiait.com\/wp-content\/uploads\/2023\/03\/tempsnip.png\" alt=\"\" class=\"wp-image-554\" srcset=\"https:\/\/trannghiait.com\/wp-content\/uploads\/2023\/03\/tempsnip.png 841w, https:\/\/trannghiait.com\/wp-content\/uploads\/2023\/03\/tempsnip-300x218.png 300w, https:\/\/trannghiait.com\/wp-content\/uploads\/2023\/03\/tempsnip-768x558.png 768w\" sizes=\"(max-width: 841px) 100vw, 841px\" \/><figcaption class=\"wp-element-caption\">\u0110i\u1ec1n mac \u0111\u01b0\u1ee3c l\u1ea5y trong group <a href=\"https:\/\/www.facebook.com\/groups\/httpgcafefo4.pe.hu\/\" target=\"_blank\" rel=\"noreferrer noopener\">Group h\u01b0\u1edbng d\u1eabn mi\u1ec5n ph\u00ed<\/a> v\u00e0o nh\u00e9. Xong b\u1ea5m OK<\/figcaption><\/figure>\n\n\n\n<p class=\"has-medium-font-size\"><strong>B\u01b0\u1edbc 3: M\u1edf GcafeFreeWifi.exe<\/strong><\/p>\n\n\n\n<figure class=\"wp-block-image size-full is-resized\"><img loading=\"lazy\" decoding=\"async\" width=\"830\" height=\"443\" src=\"https:\/\/trannghiait.com\/wp-content\/uploads\/2023\/03\/3.png\" alt=\"\" class=\"wp-image-556\" style=\"width:844px;height:450px\" srcset=\"https:\/\/trannghiait.com\/wp-content\/uploads\/2023\/03\/3.png 830w, https:\/\/trannghiait.com\/wp-content\/uploads\/2023\/03\/3-300x160.png 300w, https:\/\/trannghiait.com\/wp-content\/uploads\/2023\/03\/3-768x410.png 768w\" sizes=\"(max-width: 830px) 100vw, 830px\" \/><\/figure>\n\n\n\n<p class=\"has-medium-font-size\"><strong>B\u01b0\u1edbc 4: L\u1ea5y key tr\u1ef1c ti\u1ebfp t\u1eeb trang web <a href=\"https:\/\/trannghiait.com\/index.php\/key-gcafe-free\/\" data-type=\"link\" data-id=\"https:\/\/trannghiait.com\/index.php\/key-gcafe-free\/\" target=\"_blank\" rel=\"noreferrer noopener\">trannghiait.com<\/a> m\u1ee5c v\u00e0 b\u1ea5m setkey \u0111\u1ec3 k\u00edch ho\u1ea1t<\/strong><\/p>\n\n\n\n<figure class=\"wp-block-image size-large\"><img loading=\"lazy\" decoding=\"async\" width=\"1024\" height=\"273\" src=\"https:\/\/trannghiait.com\/wp-content\/uploads\/2025\/02\/image-1024x273.png\" alt=\"\" class=\"wp-image-2928\" srcset=\"https:\/\/trannghiait.com\/wp-content\/uploads\/2025\/02\/image-1024x273.png 1024w, https:\/\/trannghiait.com\/wp-content\/uploads\/2025\/02\/image-300x80.png 300w, https:\/\/trannghiait.com\/wp-content\/uploads\/2025\/02\/image-768x205.png 768w, https:\/\/trannghiait.com\/wp-content\/uploads\/2025\/02\/image.png 1124w\" sizes=\"(max-width: 1024px) 100vw, 1024px\" \/><\/figure>\n\n\n<div class=\"wp-block-image\">\n<figure class=\"aligncenter size-full is-resized\"><img loading=\"lazy\" decoding=\"async\" width=\"884\" height=\"447\" src=\"https:\/\/trannghiait.com\/wp-content\/uploads\/2023\/03\/2.png\" alt=\"\" class=\"wp-image-558\" style=\"width:840px;height:424px\" srcset=\"https:\/\/trannghiait.com\/wp-content\/uploads\/2023\/03\/2.png 884w, https:\/\/trannghiait.com\/wp-content\/uploads\/2023\/03\/2-300x152.png 300w, https:\/\/trannghiait.com\/wp-content\/uploads\/2023\/03\/2-768x388.png 768w\" sizes=\"(max-width: 884px) 100vw, 884px\" \/><\/figure><\/div>\n\n\n<p class=\"has-medium-font-size\"><strong>B\u01b0\u1edbc 5: Sau khi hi\u1ec7n ch\u1eef &#8220;th\u00e0nh c\u00f4ng&#8221; th\u00ec b\u1ea5m k\u00edch ho\u1ea1t. \u0110\u0103ng xu\u1ea5t garena v\u00e0o game v\u00e0 th\u01b0\u1eddng th\u1ee9c.<\/strong><\/p>\n\n\n<div class=\"wp-block-image\">\n<figure class=\"aligncenter size-full is-resized\"><img loading=\"lazy\" decoding=\"async\" width=\"305\" height=\"223\" src=\"https:\/\/trannghiait.com\/wp-content\/uploads\/2023\/03\/4.png\" alt=\"\" class=\"wp-image-559\" style=\"width:618px;height:452px\" srcset=\"https:\/\/trannghiait.com\/wp-content\/uploads\/2023\/03\/4.png 305w, https:\/\/trannghiait.com\/wp-content\/uploads\/2023\/03\/4-300x219.png 300w\" sizes=\"(max-width: 305px) 100vw, 305px\" \/><\/figure><\/div>\n\n\n<h2 class=\"wp-block-heading has-large-font-size\"><span class=\"ez-toc-section\" id=\"Link_youtube_huong_dan\"><\/span>Link youtube h\u01b0\u1edbng d\u1eabn:<span class=\"ez-toc-section-end\"><\/span><\/h2>\n\n\n\n<figure class=\"wp-block-embed is-type-video is-provider-youtube wp-block-embed-youtube wp-embed-aspect-16-9 wp-has-aspect-ratio\"><div class=\"wp-block-embed__wrapper\">\n<iframe title=\"C\u00e1ch C\u00e0i Gcafe FiFa Online 4 mi\u1ec5n ph\u00ed IGR Free\" width=\"500\" height=\"281\" src=\"https:\/\/www.youtube.com\/embed\/AnrHs03FrLw?feature=oembed\" frameborder=\"0\" allow=\"accelerometer; autoplay; clipboard-write; encrypted-media; gyroscope; picture-in-picture; web-share\" referrerpolicy=\"strict-origin-when-cross-origin\" allowfullscreen><\/iframe>\n<\/div><\/figure>\n\n\n\n<h2 class=\"wp-block-heading has-large-font-size\"><span class=\"ez-toc-section\" id=\"Donate_me_ung_ho_toi\"><\/span><a href=\"https:\/\/trannghiait.com\/wp-content\/uploads\/2025\/01\/Gcafe-Free.zip\" data-type=\"link\" data-id=\"https:\/\/trannghiait.com\/wp-content\/uploads\/2025\/01\/Gcafe-Free.zip\" target=\"_blank\" rel=\"noreferrer noopener\">Donate me<\/a> (<a href=\"https:\/\/trannghiait.com\/wp-content\/uploads\/2025\/01\/Link.zip\" data-type=\"link\" data-id=\"https:\/\/trannghiait.com\/wp-content\/uploads\/2025\/01\/Link.zip\" target=\"_blank\" rel=\"noreferrer noopener\">\u1ee7ng h\u1ed9 t\u00f4i<\/a>):<span class=\"ez-toc-section-end\"><\/span><\/h2>\n\n\n\n<p class=\"has-medium-font-size\"><img loading=\"lazy\" decoding=\"async\" height=\"16\" width=\"16\" src=\"https:\/\/static.xx.fbcdn.net\/images\/emoji.php\/v9\/te9\/1\/16\/1f496.png\" alt=\"\ud83d\udc96\"><img loading=\"lazy\" decoding=\"async\" height=\"16\" width=\"16\" src=\"https:\/\/static.xx.fbcdn.net\/images\/emoji.php\/v9\/te9\/1\/16\/1f496.png\" alt=\"\ud83d\udc96\">&nbsp;<a href=\"https:\/\/drive.google.com\/file\/d\/1kaeGCWoG0LqwWvt7qv885tNe4iFt5aCf\/view?usp=drive_link\" data-type=\"link\" data-id=\"https:\/\/drive.google.com\/file\/d\/1kaeGCWoG0LqwWvt7qv885tNe4iFt5aCf\/view?usp=drive_link\">momo<\/a>\/shoppepay\/zalopay: 094 567 3720 Tr\u1ea7n Ph\u1ea1m Minh Ngh\u0129a<\/p>\n\n\n\n<p class=\"has-medium-font-size\"><img loading=\"lazy\" decoding=\"async\" height=\"16\" width=\"16\" src=\"https:\/\/static.xx.fbcdn.net\/images\/emoji.php\/v9\/t66\/1\/16\/1f493.png\" alt=\"\ud83d\udc93\"><img loading=\"lazy\" decoding=\"async\" height=\"16\" width=\"16\" src=\"https:\/\/static.xx.fbcdn.net\/images\/emoji.php\/v9\/t66\/1\/16\/1f493.png\" alt=\"\ud83d\udc93\">&nbsp;NG\u00c2N H\u00c0NG: Vietcombank &#8211; Ng\u00e2n h\u00e0ng TMCP Ngo\u1ea1i th\u01b0\u01a1ng Vi\u1ec7t NamSTK: 0791000060226Chi Nh\u00e1nh: V\u0129nh LongCh\u1ee7 T\u00e0i Kho\u1ea3n: TR\u1ea6N PH\u1ea0M MINH NGH\u0128A<\/p>\n\n\n<ul class=\"wp-block-latest-posts__list is-grid columns-4 wp-block-latest-posts\"><li><div class=\"wp-block-latest-posts__featured-image\"><img loading=\"lazy\" decoding=\"async\" width=\"150\" height=\"150\" src=\"https:\/\/trannghiait.com\/wp-content\/uploads\/2025\/08\/image-150x150.png\" class=\"attachment-thumbnail size-thumbnail wp-post-image\" alt=\"\" style=\"\" \/><\/div><a class=\"wp-block-latest-posts__post-title\" href=\"https:\/\/trannghiait.com\/index.php\/2025\/08\/08\/so-sanh-cac-phien-ban-chatgpt-gpt-4-gpt-4-1-gpt-4o-gpt-4-1-mini-dau-la-lua-chon-tot-nhat\/\">So S\u00e1nh C\u00e1c Phi\u00ean B\u1ea3n ChatGPT: GPT-4, GPT-4.1, GPT-4o, GPT-4.1 Mini \u2013 \u0110\u00e2u L\u00e0 L\u1ef1a Ch\u1ecdn T\u1ed1t Nh\u1ea5t?<\/a><\/li>\n<li><div class=\"wp-block-latest-posts__featured-image\"><img loading=\"lazy\" decoding=\"async\" width=\"150\" height=\"150\" src=\"https:\/\/trannghiait.com\/wp-content\/uploads\/2025\/02\/Pi-Network-binance.jpeg-150x150.webp\" class=\"attachment-thumbnail size-thumbnail wp-post-image\" alt=\"\" style=\"\" \/><\/div><a class=\"wp-block-latest-posts__post-title\" href=\"https:\/\/trannghiait.com\/index.php\/2025\/02\/22\/pi-network-co-that-su-tot-nhu-cach-moi-nguoi-hay-noi-voi-toi\/\">Pi Network: C\u00f3 th\u1eadt s\u1ef1 t\u1ed1t nh\u01b0 c\u00e1ch m\u1ecdi ng\u01b0\u1eddi hay n\u00f3i v\u1edbi t\u00f4i?<\/a><\/li>\n<li><div class=\"wp-block-latest-posts__featured-image\"><img loading=\"lazy\" decoding=\"async\" width=\"150\" height=\"150\" src=\"https:\/\/trannghiait.com\/wp-content\/uploads\/2025\/01\/images-150x150.jpg\" class=\"attachment-thumbnail size-thumbnail wp-post-image\" alt=\"\" style=\"\" \/><\/div><a class=\"wp-block-latest-posts__post-title\" href=\"https:\/\/trannghiait.com\/index.php\/2025\/01\/31\/deepseek-buoc-tien-moi-trong-cuoc-dua-tri-tue-nhan-tao-toan-cau\/\">DeepSeek: B\u01b0\u1edbc Ti\u1ebfn M\u1edbi Trong Cu\u1ed9c \u0110ua Tr\u00ed Tu\u1ec7 Nh\u00e2n T\u1ea1o To\u00e0n C\u1ea7u<\/a><\/li>\n<li><div class=\"wp-block-latest-posts__featured-image\"><img loading=\"lazy\" decoding=\"async\" width=\"150\" height=\"150\" src=\"https:\/\/trannghiait.com\/wp-content\/uploads\/2025\/01\/Capture-150x150.png\" class=\"attachment-thumbnail size-thumbnail wp-post-image\" alt=\"\" style=\"\" \/><\/div><a class=\"wp-block-latest-posts__post-title\" href=\"https:\/\/trannghiait.com\/index.php\/2025\/01\/04\/loi-no-module-named-moviepy-editor-khi-cai-dat-thu-vien-tren-python\/\">L\u1ed7i No module named &#8216;moviepy.editor&#8217; khi c\u00e0i \u0111\u1eb7t th\u01b0 vi\u1ec7n tr\u00ean Python<\/a><\/li>\n<li><div class=\"wp-block-latest-posts__featured-image\"><img loading=\"lazy\" decoding=\"async\" width=\"150\" height=\"150\" src=\"https:\/\/trannghiait.com\/wp-content\/uploads\/2025\/01\/image-150x150.png\" class=\"attachment-thumbnail size-thumbnail wp-post-image\" alt=\"\" style=\"\" \/><\/div><a class=\"wp-block-latest-posts__post-title\" href=\"https:\/\/trannghiait.com\/index.php\/2025\/01\/04\/huong-dan-chi-tiet-cach-tao-shortcut-tap-tin-tren-windows-va-loi-ich-su-dung\/\">H\u01b0\u1edbng D\u1eabn Chi Ti\u1ebft: C\u00e1ch T\u1ea1o Shortcut T\u1eadp Tin tr\u00ean Windows 10\/11 v\u00e0 L\u1ee3i \u00cdch S\u1eed D\u1ee5ng<\/a><\/li>\n<li><div class=\"wp-block-latest-posts__featured-image\"><img loading=\"lazy\" decoding=\"async\" width=\"150\" height=\"150\" src=\"https:\/\/trannghiait.com\/wp-content\/uploads\/2024\/12\/image-11-150x150.png\" class=\"attachment-thumbnail size-thumbnail wp-post-image\" alt=\"\" style=\"\" \/><\/div><a class=\"wp-block-latest-posts__post-title\" href=\"https:\/\/trannghiait.com\/index.php\/2024\/12\/26\/huong-dan-xac-thuc-so-dien-thoai-cccd-cho-tai-khoan-facebook-chi-tiet\/\">H\u01af\u1edaNG D\u1eaaN X\u00c1C TH\u1ef0C S\u1ed0 \u0110I\u1ec6N THO\u1ea0I\/CCCD CHO T\u00c0I KHO\u1ea2N FACEBOOK CHI TI\u1ebeT<\/a><\/li>\n<li><div class=\"wp-block-latest-posts__featured-image\"><img loading=\"lazy\" decoding=\"async\" width=\"150\" height=\"150\" src=\"https:\/\/trannghiait.com\/wp-content\/uploads\/2023\/08\/Microsoft_Office_Excel_2019\u2013present.svg_-150x150.png\" class=\"attachment-thumbnail size-thumbnail wp-post-image\" alt=\"\" style=\"\" \/><\/div><a class=\"wp-block-latest-posts__post-title\" href=\"https:\/\/trannghiait.com\/index.php\/2024\/12\/24\/cach-chuyen-gia-tri-co-dinh-dang-ngay-thang-nam-sang-dinh-dang-text-khong-bi-thay-doi-gia-tri\/\">C\u00e1ch chuy\u1ec3n gi\u00e1 tr\u1ecb c\u00f3 \u0111\u1ecbnh d\u1ea1ng ng\u00e0y th\u00e1ng n\u0103m sang \u0111\u1ecbnh d\u1ea1ng TEXT kh\u00f4ng b\u1ecb thay \u0111\u1ed5i gi\u00e1 tr\u1ecb<\/a><\/li>\n<li><div class=\"wp-block-latest-posts__featured-image\"><img loading=\"lazy\" decoding=\"async\" width=\"150\" height=\"150\" src=\"https:\/\/trannghiait.com\/wp-content\/uploads\/2024\/11\/hoi-150x150.jpg\" class=\"attachment-thumbnail size-thumbnail wp-post-image\" alt=\"\" style=\"\" \/><\/div><a class=\"wp-block-latest-posts__post-title\" href=\"https:\/\/trannghiait.com\/index.php\/2024\/11\/26\/nguy-co-hoi-tu-viec-nho-toc-bac\/\">Nguy c\u01a1 &#8220;H\u00f3i&#8221; t\u1eeb vi\u1ec7c nh\u1ed5 t\u00f3c b\u1ea1c<\/a><\/li>\n<\/ul>","protected":false},"excerpt":{"rendered":"<div class=\"mh-excerpt\"><p>Gcafe l\u00e0 g\u00ec? Gcafe l\u00e0 t\u00ednh n\u0103ng c\u1ee7a game FIFA ONLINE 4 hi\u1ec7n nay \u0111\u00e3 \u0111\u1ed5i t\u00ean th\u00e0nh FC Online, m\u1ee5c \u0111\u00edch n\u00f3 mang l\u1ea1i <a class=\"mh-excerpt-more\" href=\"https:\/\/trannghiait.com\/index.php\/gcafe-free-mien-phi\/\" title=\"Gcafe (mi\u1ec5n ph\u00ed)\">[&#8230;]<\/a><\/p>\n<\/div>","protected":false},"author":1,"featured_media":556,"parent":0,"menu_order":0,"comment_status":"open","ping_status":"closed","template":"","meta":{"footnotes":""},"class_list":["post-134","page","type-page","status-publish","has-post-thumbnail","hentry"],"_links":{"self":[{"href":"https:\/\/trannghiait.com\/index.php\/wp-json\/wp\/v2\/pages\/134","targetHints":{"allow":["GET"]}}],"collection":[{"href":"https:\/\/trannghiait.com\/index.php\/wp-json\/wp\/v2\/pages"}],"about":[{"href":"https:\/\/trannghiait.com\/index.php\/wp-json\/wp\/v2\/types\/page"}],"author":[{"embeddable":true,"href":"https:\/\/trannghiait.com\/index.php\/wp-json\/wp\/v2\/users\/1"}],"replies":[{"embeddable":true,"href":"https:\/\/trannghiait.com\/index.php\/wp-json\/wp\/v2\/comments?post=134"}],"version-history":[{"count":22,"href":"https:\/\/trannghiait.com\/index.php\/wp-json\/wp\/v2\/pages\/134\/revisions"}],"predecessor-version":[{"id":2929,"href":"https:\/\/trannghiait.com\/index.php\/wp-json\/wp\/v2\/pages\/134\/revisions\/2929"}],"wp:featuredmedia":[{"embeddable":true,"href":"https:\/\/trannghiait.com\/index.php\/wp-json\/wp\/v2\/media\/556"}],"wp:attachment":[{"href":"https:\/\/trannghiait.com\/index.php\/wp-json\/wp\/v2\/media?parent=134"}],"curies":[{"name":"wp","href":"https:\/\/api.w.org\/{rel}","templated":true}]}}